{"id":216,"date":"2025-03-30T19:45:54","date_gmt":"2025-03-30T19:45:54","guid":{"rendered":"https:\/\/www.supaffaires.com\/BTSblancloane\/?page_id=216"},"modified":"2025-03-30T20:15:19","modified_gmt":"2025-03-30T20:15:19","slug":"caramelerie","status":"publish","type":"page","link":"https:\/\/www.supaffaires.com\/BTSblancloane\/caramelerie\/","title":{"rendered":"Caramelerie"},"content":{"rendered":"\n<h2 class=\"wp-block-heading\">Des produits locaux, authentiques et gourmands<\/h2>\n\n\n\n<figure class=\"wp-block-image size-full\"><img loading=\"lazy\" decoding=\"async\" width=\"675\" height=\"675\" src=\"https:\/\/www.supaffaires.com\/BTSblancloane\/wp-content\/uploads\/2025\/03\/onctueux-de-caramel-beurre-sal\u201a.jpg\" alt=\"\" class=\"wp-image-196\" srcset=\"https:\/\/www.supaffaires.com\/BTSblancloane\/wp-content\/uploads\/2025\/03\/onctueux-de-caramel-beurre-sal\u201a.jpg 675w, https:\/\/www.supaffaires.com\/BTSblancloane\/wp-content\/uploads\/2025\/03\/onctueux-de-caramel-beurre-sal\u201a-300x300.jpg 300w, https:\/\/www.supaffaires.com\/BTSblancloane\/wp-content\/uploads\/2025\/03\/onctueux-de-caramel-beurre-sal\u201a-150x150.jpg 150w\" sizes=\"auto, (max-width: 675px) 100vw, 675px\" \/><\/figure>\n\n\n\n<p>Notre caramelerie bretonne <a href=\"https:\/\/www.brieuc.bzh\/Notre-entreprise_32.html\">Maison BRIEUC<\/a> vous invite \u00e0 d\u00e9couvrir l&rsquo;excellence des <a href=\"https:\/\/www.brieuc.bzh\/Produits-regionaux_44.html\">produits issus des terres bretonnes<\/a>, \u00e9labor\u00e9s avec soin par nos talentueux carameliers. <\/p>\n\n\n\n<p>Notre secret r\u00e9side dans la combinaison parfaite des meilleurs ingr\u00e9dients locaux, d&rsquo;un savoir-faire traditionnel et d&rsquo;une touche de gourmandise, le tout anim\u00e9 par une passion profonde pour notre m\u00e9tier. <\/p>\n\n\n\n<p>Plongez dans une v\u00e9ritable exp\u00e9rience gustative en Bretagne et laissez-vous s\u00e9duire par nos d\u00e9licieuses <a href=\"https:\/\/www.brieuc.bzh\/Caramel-beurre-sale-210g_fiche_349.html\">cr\u00e8mes de caramel au beurre sal\u00e9 au sel de Gu\u00e9rande<\/a>, aussi d\u00e9clin\u00e9es en <a href=\"https:\/\/www.brieuc.bzh\/Coulis-caramel-350g_fiche_211.html\">coulis<\/a> et c\u00e9l\u00e8bre <a href=\"https:\/\/www.brieuc.bzh\/Caramels-beurre-sale-500g_fiche_235.html\">bonbons en papillote<\/a>.<\/p>\n\n\n\n<p><\/p>\n","protected":false},"excerpt":{"rendered":"<p>Des produits locaux, authentiques et gourmands Notre caramelerie bretonne Maison BRIEUC vous invite \u00e0 d\u00e9couvrir l&rsquo;excellence des produits issus des terres bretonnes, \u00e9labor\u00e9s avec soin par nos talentueux carameliers. Notre secret r\u00e9side dans la combinaison parfaite des meilleurs ingr\u00e9dients locaux, d&rsquo;un savoir-faire traditionnel et d&rsquo;une touche de gourmandise, le tout anim\u00e9 par une passion profonde [&hellip;]<\/p>\n","protected":false},"author":1,"featured_media":0,"parent":0,"menu_order":0,"comment_status":"closed","ping_status":"closed","template":"","meta":{"_uag_custom_page_level_css":"","site-sidebar-layout":"default","site-content-layout":"","ast-site-content-layout":"","site-content-style":"default","site-sidebar-style":"default","ast-global-header-display":"","ast-banner-title-visibility":"","ast-main-header-display":"","ast-hfb-above-header-display":"","ast-hfb-below-header-display":"","ast-hfb-mobile-header-display":"","site-post-title":"","ast-breadcrumbs-content":"","ast-featured-img":"","footer-sml-layout":"","theme-transparent-header-meta":"","adv-header-id-meta":"","stick-header-meta":"","header-above-stick-meta":"","header-main-stick-meta":"","header-below-stick-meta":"","astra-migrate-meta-layouts":"default","ast-page-background-enabled":"default","ast-page-background-meta":{"desktop":{"background-color":"var(--ast-global-color-4)","background-image":"","background-repeat":"repeat","background-position":"center center","background-size":"auto","background-attachment":"scroll","background-type":"","background-media":"","overlay-type":"","overlay-color":"","overlay-opacity":"","overlay-gradient":""},"tablet":{"background-color":"","background-image":"","background-repeat":"repeat","background-position":"center center","background-size":"auto","background-attachment":"scroll","background-type":"","background-media":"","overlay-type":"","overlay-color":"","overlay-opacity":"","overlay-gradient":""},"mobile":{"background-color":"","background-image":"","background-repeat":"repeat","background-position":"center center","background-size":"auto","background-attachment":"scroll","background-type":"","background-media":"","overlay-type":"","overlay-color":"","overlay-opacity":"","overlay-gradient":""}},"ast-content-background-meta":{"desktop":{"background-color":"var(--ast-global-color-5)","background-image":"","background-repeat":"repeat","background-position":"center center","background-size":"auto","background-attachment":"scroll","background-type":"","background-media":"","overlay-type":"","overlay-color":"","overlay-opacity":"","overlay-gradient":""},"tablet":{"background-color":"var(--ast-global-color-5)","background-image":"","background-repeat":"repeat","background-position":"center center","background-size":"auto","background-attachment":"scroll","background-type":"","background-media":"","overlay-type":"","overlay-color":"","overlay-opacity":"","overlay-gradient":""},"mobile":{"background-color":"var(--ast-global-color-5)","background-image":"","background-repeat":"repeat","background-position":"center center","background-size":"auto","background-attachment":"scroll","background-type":"","background-media":"","overlay-type":"","overlay-color":"","overlay-opacity":"","overlay-gradient":""}},"footnotes":""},"class_list":["post-216","page","type-page","status-publish","hentry"],"yoast_head":"<!-- This site is optimized with the Yoast SEO plugin v27.6 - https:\/\/yoast.com\/product\/yoast-seo-wordpress\/ -->\n<title>Caramelerie -<\/title>\n<meta name=\"robots\" content=\"index, follow, max-snippet:-1, max-image-preview:large, max-video-preview:-1\" \/>\n<link rel=\"canonical\" href=\"https:\/\/www.supaffaires.com\/BTSblancloane\/caramelerie\/\" \/>\n<meta property=\"og:locale\" content=\"fr_FR\" \/>\n<meta property=\"og:type\" content=\"article\" \/>\n<meta property=\"og:title\" content=\"Caramelerie -\" \/>\n<meta property=\"og:description\" content=\"Des produits locaux, authentiques et gourmands Notre caramelerie bretonne Maison BRIEUC vous invite \u00e0 d\u00e9couvrir l&rsquo;excellence des produits issus des terres bretonnes, \u00e9labor\u00e9s avec soin par nos talentueux carameliers. Notre secret r\u00e9side dans la combinaison parfaite des meilleurs ingr\u00e9dients locaux, d&rsquo;un savoir-faire traditionnel et d&rsquo;une touche de gourmandise, le tout anim\u00e9 par une passion profonde [&hellip;]\" \/>\n<meta property=\"og:url\" content=\"https:\/\/www.supaffaires.com\/BTSblancloane\/caramelerie\/\" \/>\n<meta property=\"article:modified_time\" content=\"2025-03-30T20:15:19+00:00\" \/>\n<meta name=\"twitter:card\" content=\"summary_large_image\" \/>\n<meta name=\"twitter:label1\" content=\"Dur\u00e9e de lecture estim\u00e9e\" \/>\n\t<meta name=\"twitter:data1\" content=\"1 minute\" \/>\n<script type=\"application\/ld+json\" class=\"yoast-schema-graph\">{\"@context\":\"https:\\\/\\\/schema.org\",\"@graph\":[{\"@type\":\"WebPage\",\"@id\":\"https:\\\/\\\/www.supaffaires.com\\\/BTSblancloane\\\/caramelerie\\\/\",\"url\":\"https:\\\/\\\/www.supaffaires.com\\\/BTSblancloane\\\/caramelerie\\\/\",\"name\":\"Caramelerie -\",\"isPartOf\":{\"@id\":\"https:\\\/\\\/www.supaffaires.com\\\/BTSblancloane\\\/#website\"},\"datePublished\":\"2025-03-30T19:45:54+00:00\",\"dateModified\":\"2025-03-30T20:15:19+00:00\",\"breadcrumb\":{\"@id\":\"https:\\\/\\\/www.supaffaires.com\\\/BTSblancloane\\\/caramelerie\\\/#breadcrumb\"},\"inLanguage\":\"fr-FR\",\"potentialAction\":[{\"@type\":\"ReadAction\",\"target\":[\"https:\\\/\\\/www.supaffaires.com\\\/BTSblancloane\\\/caramelerie\\\/\"]}]},{\"@type\":\"BreadcrumbList\",\"@id\":\"https:\\\/\\\/www.supaffaires.com\\\/BTSblancloane\\\/caramelerie\\\/#breadcrumb\",\"itemListElement\":[{\"@type\":\"ListItem\",\"position\":1,\"name\":\"Accueil\",\"item\":\"https:\\\/\\\/www.supaffaires.com\\\/BTSblancloane\\\/\"},{\"@type\":\"ListItem\",\"position\":2,\"name\":\"Caramelerie\"}]},{\"@type\":\"WebSite\",\"@id\":\"https:\\\/\\\/www.supaffaires.com\\\/BTSblancloane\\\/#website\",\"url\":\"https:\\\/\\\/www.supaffaires.com\\\/BTSblancloane\\\/\",\"name\":\"\",\"description\":\"Biscuiterie Caramelerie et confiturerie bretonne\",\"potentialAction\":[{\"@type\":\"SearchAction\",\"target\":{\"@type\":\"EntryPoint\",\"urlTemplate\":\"https:\\\/\\\/www.supaffaires.com\\\/BTSblancloane\\\/?s={search_term_string}\"},\"query-input\":{\"@type\":\"PropertyValueSpecification\",\"valueRequired\":true,\"valueName\":\"search_term_string\"}}],\"inLanguage\":\"fr-FR\"}]}<\/script>\n<!-- \/ Yoast SEO plugin. -->","yoast_head_json":{"title":"Caramelerie -","robots":{"index":"index","follow":"follow","max-snippet":"max-snippet:-1","max-image-preview":"max-image-preview:large","max-video-preview":"max-video-preview:-1"},"canonical":"https:\/\/www.supaffaires.com\/BTSblancloane\/caramelerie\/","og_locale":"fr_FR","og_type":"article","og_title":"Caramelerie -","og_description":"Des produits locaux, authentiques et gourmands Notre caramelerie bretonne Maison BRIEUC vous invite \u00e0 d\u00e9couvrir l&rsquo;excellence des produits issus des terres bretonnes, \u00e9labor\u00e9s avec soin par nos talentueux carameliers. Notre secret r\u00e9side dans la combinaison parfaite des meilleurs ingr\u00e9dients locaux, d&rsquo;un savoir-faire traditionnel et d&rsquo;une touche de gourmandise, le tout anim\u00e9 par une passion profonde [&hellip;]","og_url":"https:\/\/www.supaffaires.com\/BTSblancloane\/caramelerie\/","article_modified_time":"2025-03-30T20:15:19+00:00","twitter_card":"summary_large_image","twitter_misc":{"Dur\u00e9e de lecture estim\u00e9e":"1 minute"},"schema":{"@context":"https:\/\/schema.org","@graph":[{"@type":"WebPage","@id":"https:\/\/www.supaffaires.com\/BTSblancloane\/caramelerie\/","url":"https:\/\/www.supaffaires.com\/BTSblancloane\/caramelerie\/","name":"Caramelerie -","isPartOf":{"@id":"https:\/\/www.supaffaires.com\/BTSblancloane\/#website"},"datePublished":"2025-03-30T19:45:54+00:00","dateModified":"2025-03-30T20:15:19+00:00","breadcrumb":{"@id":"https:\/\/www.supaffaires.com\/BTSblancloane\/caramelerie\/#breadcrumb"},"inLanguage":"fr-FR","potentialAction":[{"@type":"ReadAction","target":["https:\/\/www.supaffaires.com\/BTSblancloane\/caramelerie\/"]}]},{"@type":"BreadcrumbList","@id":"https:\/\/www.supaffaires.com\/BTSblancloane\/caramelerie\/#breadcrumb","itemListElement":[{"@type":"ListItem","position":1,"name":"Accueil","item":"https:\/\/www.supaffaires.com\/BTSblancloane\/"},{"@type":"ListItem","position":2,"name":"Caramelerie"}]},{"@type":"WebSite","@id":"https:\/\/www.supaffaires.com\/BTSblancloane\/#website","url":"https:\/\/www.supaffaires.com\/BTSblancloane\/","name":"","description":"Biscuiterie Caramelerie et confiturerie bretonne","potentialAction":[{"@type":"SearchAction","target":{"@type":"EntryPoint","urlTemplate":"https:\/\/www.supaffaires.com\/BTSblancloane\/?s={search_term_string}"},"query-input":{"@type":"PropertyValueSpecification","valueRequired":true,"valueName":"search_term_string"}}],"inLanguage":"fr-FR"}]}},"uagb_featured_image_src":{"full":false,"thumbnail":false,"medium":false,"medium_large":false,"large":false,"1536x1536":false,"2048x2048":false},"uagb_author_info":{"display_name":"etudiant","author_link":"https:\/\/www.supaffaires.com\/BTSblancloane\/author\/etudiant\/"},"uagb_comment_info":0,"uagb_excerpt":"Des produits locaux, authentiques et gourmands Notre caramelerie bretonne Maison BRIEUC vous invite \u00e0 d\u00e9couvrir l&rsquo;excellence des produits issus des terres bretonnes, \u00e9labor\u00e9s avec soin par nos talentueux carameliers. Notre secret r\u00e9side dans la combinaison parfaite des meilleurs ingr\u00e9dients locaux, d&rsquo;un savoir-faire traditionnel et d&rsquo;une touche de gourmandise, le tout anim\u00e9 par une passion profonde\u2026","_links":{"self":[{"href":"https:\/\/www.supaffaires.com\/BTSblancloane\/wp-json\/wp\/v2\/pages\/216","targetHints":{"allow":["GET"]}}],"collection":[{"href":"https:\/\/www.supaffaires.com\/BTSblancloane\/wp-json\/wp\/v2\/pages"}],"about":[{"href":"https:\/\/www.supaffaires.com\/BTSblancloane\/wp-json\/wp\/v2\/types\/page"}],"author":[{"embeddable":true,"href":"https:\/\/www.supaffaires.com\/BTSblancloane\/wp-json\/wp\/v2\/users\/1"}],"replies":[{"embeddable":true,"href":"https:\/\/www.supaffaires.com\/BTSblancloane\/wp-json\/wp\/v2\/comments?post=216"}],"version-history":[{"count":2,"href":"https:\/\/www.supaffaires.com\/BTSblancloane\/wp-json\/wp\/v2\/pages\/216\/revisions"}],"predecessor-version":[{"id":234,"href":"https:\/\/www.supaffaires.com\/BTSblancloane\/wp-json\/wp\/v2\/pages\/216\/revisions\/234"}],"wp:attachment":[{"href":"https:\/\/www.supaffaires.com\/BTSblancloane\/wp-json\/wp\/v2\/media?parent=216"}],"curies":[{"name":"wp","href":"https:\/\/api.w.org\/{rel}","templated":true}]}}