{"id":319,"date":"2025-05-20T14:49:08","date_gmt":"2025-05-20T14:49:08","guid":{"rendered":"https:\/\/www.supaffaires.com\/BTSblancloane\/?page_id=319"},"modified":"2025-05-20T14:49:09","modified_gmt":"2025-05-20T14:49:09","slug":"faq","status":"publish","type":"page","link":"https:\/\/www.supaffaires.com\/BTSblancloane\/faq\/","title":{"rendered":"FAQ"},"content":{"rendered":"<div class=\"wp-block-uagb-faq uagb-faq__outer-wrap uagb-block-1fe10e08 uagb-faq-icon-row uagb-faq-layout-accordion uagb-faq-expand-first-true uagb-faq-inactive-other-true uagb-faq__wrap uagb-buttons-layout-wrap uagb-faq-equal-height     \" data-faqtoggle=\"true\" role=\"tablist\"><div class=\"wp-block-uagb-faq-child uagb-faq-child__outer-wrap uagb-faq-item uagb-block-e4c24a3e \" role=\"tab\" tabindex=\"0\"><div class=\"uagb-faq-questions-button uagb-faq-questions\">\t\t\t<span class=\"uagb-icon uagb-faq-icon-wrap\">\n\t\t\t\t\t\t\t\t<svg xmlns=\"https:\/\/www.w3.org\/2000\/svg\" viewBox= \"0 0 448 512\"><path d=\"M432 256c0 17.69-14.33 32.01-32 32.01H256v144c0 17.69-14.33 31.99-32 31.99s-32-14.3-32-31.99v-144H48c-17.67 0-32-14.32-32-32.01s14.33-31.99 32-31.99H192v-144c0-17.69 14.33-32.01 32-32.01s32 14.32 32 32.01v144h144C417.7 224 432 238.3 432 256z\"><\/path><\/svg>\n\t\t\t\t\t\t\t<\/span>\n\t\t\t\t\t\t<span class=\"uagb-icon-active uagb-faq-icon-wrap\">\n\t\t\t\t\t\t\t\t<svg xmlns=\"https:\/\/www.w3.org\/2000\/svg\" viewBox= \"0 0 448 512\"><path d=\"M400 288h-352c-17.69 0-32-14.32-32-32.01s14.31-31.99 32-31.99h352c17.69 0 32 14.3 32 31.99S417.7 288 400 288z\"><\/path><\/svg>\n\t\t\t\t\t\t\t<\/span>\n\t\t\t<h3 class=\"uagb-question\">Comment sont fabriqu\u00e9s les biscuits Brieuc ?<\/h3><\/div><div class=\"uagb-faq-content\"><p>Les biscuits Brieuc sont fabriqu\u00e9s artisanalement dans nos ateliers situ\u00e9s en Bretagne. Chaque \u00e9tape est r\u00e9alis\u00e9e avec soin, dans le respect des recettes traditionnelles transmises depuis plusieurs g\u00e9n\u00e9rations. Les biscuits sont cuits lentement pour garantir une texture croustillante et une saveur authentique.<\/p><\/div><\/div><\/div>\n\n<div class=\"wp-block-uagb-faq uagb-faq__outer-wrap uagb-block-153cc5a7 uagb-faq-icon-row uagb-faq-layout-accordion uagb-faq-expand-first-true uagb-faq-inactive-other-true uagb-faq__wrap uagb-buttons-layout-wrap uagb-faq-equal-height     \" data-faqtoggle=\"true\" role=\"tablist\"><div class=\"wp-block-uagb-faq-child uagb-faq-child__outer-wrap uagb-faq-item uagb-block-8f0f2ddc \" role=\"tab\" tabindex=\"0\"><div class=\"uagb-faq-questions-button uagb-faq-questions\">\t\t\t<span class=\"uagb-icon uagb-faq-icon-wrap\">\n\t\t\t\t\t\t\t\t<svg xmlns=\"https:\/\/www.w3.org\/2000\/svg\" viewBox= \"0 0 448 512\"><path d=\"M432 256c0 17.69-14.33 32.01-32 32.01H256v144c0 17.69-14.33 31.99-32 31.99s-32-14.3-32-31.99v-144H48c-17.67 0-32-14.32-32-32.01s14.33-31.99 32-31.99H192v-144c0-17.69 14.33-32.01 32-32.01s32 14.32 32 32.01v144h144C417.7 224 432 238.3 432 256z\"><\/path><\/svg>\n\t\t\t\t\t\t\t<\/span>\n\t\t\t\t\t\t<span class=\"uagb-icon-active uagb-faq-icon-wrap\">\n\t\t\t\t\t\t\t\t<svg xmlns=\"https:\/\/www.w3.org\/2000\/svg\" viewBox= \"0 0 448 512\"><path d=\"M400 288h-352c-17.69 0-32-14.32-32-32.01s14.31-31.99 32-31.99h352c17.69 0 32 14.3 32 31.99S417.7 288 400 288z\"><\/path><\/svg>\n\t\t\t\t\t\t\t<\/span>\n\t\t\t<h3 class=\"uagb-question\">D&rsquo;o\u00f9 proviennent les premi\u00e8res mati\u00e8res utilis\u00e9es ?<\/h3><\/div><div class=\"uagb-faq-content\"><p>Nous s\u00e9lectionnons des ingr\u00e9dients locaux et de qualit\u00e9 : le beurre et la cr\u00e8me viennent de producteurs bretons, la farine est issue de moulins fran\u00e7ais, et les \u0153ufs sont frais et pondus en plein air. Cette exigence garantit un go\u00fbt naturel et respectueux du terroir.<\/p><\/div><\/div><\/div>\n\n<div class=\"wp-block-uagb-faq uagb-faq__outer-wrap uagb-block-e9d58437 uagb-faq-icon-row uagb-faq-layout-accordion uagb-faq-expand-first-true uagb-faq-inactive-other-true uagb-faq__wrap uagb-buttons-layout-wrap uagb-faq-equal-height     \" data-faqtoggle=\"true\" role=\"tablist\"><div class=\"wp-block-uagb-faq-child uagb-faq-child__outer-wrap uagb-faq-item uagb-block-e3d5e6dd \" role=\"tab\" tabindex=\"0\"><div class=\"uagb-faq-questions-button uagb-faq-questions\">\t\t\t<span class=\"uagb-icon uagb-faq-icon-wrap\">\n\t\t\t\t\t\t\t\t<svg xmlns=\"https:\/\/www.w3.org\/2000\/svg\" viewBox= \"0 0 448 512\"><path d=\"M432 256c0 17.69-14.33 32.01-32 32.01H256v144c0 17.69-14.33 31.99-32 31.99s-32-14.3-32-31.99v-144H48c-17.67 0-32-14.32-32-32.01s14.33-31.99 32-31.99H192v-144c0-17.69 14.33-32.01 32-32.01s32 14.32 32 32.01v144h144C417.7 224 432 238.3 432 256z\"><\/path><\/svg>\n\t\t\t\t\t\t\t<\/span>\n\t\t\t\t\t\t<span class=\"uagb-icon-active uagb-faq-icon-wrap\">\n\t\t\t\t\t\t\t\t<svg xmlns=\"https:\/\/www.w3.org\/2000\/svg\" viewBox= \"0 0 448 512\"><path d=\"M400 288h-352c-17.69 0-32-14.32-32-32.01s14.31-31.99 32-31.99h352c17.69 0 32 14.3 32 31.99S417.7 288 400 288z\"><\/path><\/svg>\n\t\t\t\t\t\t\t<\/span>\n\t\t\t<h3 class=\"uagb-question\">Comment bien conserver les biscuits Brieuc ?<\/h3><\/div><div class=\"uagb-faq-content\"><p>Les biscuits doivent \u00eatre conserv\u00e9s dans un endroit frais et sec, \u00e0 l\u2019abri de la lumi\u00e8re et de l\u2019humidit\u00e9. Une fois l\u2019emballage ouvert, il est conseill\u00e9 de les garder dans une bo\u00eete herm\u00e9tique pour pr\u00e9server leur croustillant. Ils se conservent plusieurs semaines sans perdre leur saveur.<\/p><\/div><\/div><\/div>","protected":false},"excerpt":{"rendered":"","protected":false},"author":1,"featured_media":0,"parent":0,"menu_order":0,"comment_status":"closed","ping_status":"closed","template":"","meta":{"_uag_custom_page_level_css":"","site-sidebar-layout":"default","site-content-layout":"","ast-site-content-layout":"","site-content-style":"default","site-sidebar-style":"default","ast-global-header-display":"","ast-banner-title-visibility":"","ast-main-header-display":"","ast-hfb-above-header-display":"","ast-hfb-below-header-display":"","ast-hfb-mobile-header-display":"","site-post-title":"","ast-breadcrumbs-content":"","ast-featured-img":"","footer-sml-layout":"","theme-transparent-header-meta":"","adv-header-id-meta":"","stick-header-meta":"","header-above-stick-meta":"","header-main-stick-meta":"","header-below-stick-meta":"","astra-migrate-meta-layouts":"default","ast-page-background-enabled":"default","ast-page-background-meta":{"desktop":{"background-color":"var(--ast-global-color-4)","background-image":"","background-repeat":"repeat","background-position":"center center","background-size":"auto","background-attachment":"scroll","background-type":"","background-media":"","overlay-type":"","overlay-color":"","overlay-opacity":"","overlay-gradient":""},"tablet":{"background-color":"","background-image":"","background-repeat":"repeat","background-position":"center center","background-size":"auto","background-attachment":"scroll","background-type":"","background-media":"","overlay-type":"","overlay-color":"","overlay-opacity":"","overlay-gradient":""},"mobile":{"background-color":"","background-image":"","background-repeat":"repeat","background-position":"center center","background-size":"auto","background-attachment":"scroll","background-type":"","background-media":"","overlay-type":"","overlay-color":"","overlay-opacity":"","overlay-gradient":""}},"ast-content-background-meta":{"desktop":{"background-color":"var(--ast-global-color-5)","background-image":"","background-repeat":"repeat","background-position":"center center","background-size":"auto","background-attachment":"scroll","background-type":"","background-media":"","overlay-type":"","overlay-color":"","overlay-opacity":"","overlay-gradient":""},"tablet":{"background-color":"var(--ast-global-color-5)","background-image":"","background-repeat":"repeat","background-position":"center center","background-size":"auto","background-attachment":"scroll","background-type":"","background-media":"","overlay-type":"","overlay-color":"","overlay-opacity":"","overlay-gradient":""},"mobile":{"background-color":"var(--ast-global-color-5)","background-image":"","background-repeat":"repeat","background-position":"center center","background-size":"auto","background-attachment":"scroll","background-type":"","background-media":"","overlay-type":"","overlay-color":"","overlay-opacity":"","overlay-gradient":""}},"footnotes":""},"class_list":["post-319","page","type-page","status-publish","hentry"],"yoast_head":"<!-- This site is optimized with the Yoast SEO plugin v27.6 - https:\/\/yoast.com\/product\/yoast-seo-wordpress\/ -->\n<title>FAQ -<\/title>\n<meta name=\"robots\" content=\"index, follow, max-snippet:-1, max-image-preview:large, max-video-preview:-1\" \/>\n<link rel=\"canonical\" href=\"https:\/\/www.supaffaires.com\/BTSblancloane\/faq\/\" \/>\n<meta property=\"og:locale\" content=\"fr_FR\" \/>\n<meta property=\"og:type\" content=\"article\" \/>\n<meta property=\"og:title\" content=\"FAQ -\" \/>\n<meta property=\"og:url\" content=\"https:\/\/www.supaffaires.com\/BTSblancloane\/faq\/\" \/>\n<meta property=\"article:modified_time\" content=\"2025-05-20T14:49:09+00:00\" \/>\n<meta name=\"twitter:card\" content=\"summary_large_image\" \/>\n<script type=\"application\/ld+json\" class=\"yoast-schema-graph\">{\"@context\":\"https:\\\/\\\/schema.org\",\"@graph\":[{\"@type\":\"WebPage\",\"@id\":\"https:\\\/\\\/www.supaffaires.com\\\/BTSblancloane\\\/faq\\\/\",\"url\":\"https:\\\/\\\/www.supaffaires.com\\\/BTSblancloane\\\/faq\\\/\",\"name\":\"FAQ -\",\"isPartOf\":{\"@id\":\"https:\\\/\\\/www.supaffaires.com\\\/BTSblancloane\\\/#website\"},\"datePublished\":\"2025-05-20T14:49:08+00:00\",\"dateModified\":\"2025-05-20T14:49:09+00:00\",\"breadcrumb\":{\"@id\":\"https:\\\/\\\/www.supaffaires.com\\\/BTSblancloane\\\/faq\\\/#breadcrumb\"},\"inLanguage\":\"fr-FR\",\"potentialAction\":[{\"@type\":\"ReadAction\",\"target\":[\"https:\\\/\\\/www.supaffaires.com\\\/BTSblancloane\\\/faq\\\/\"]}]},{\"@type\":\"BreadcrumbList\",\"@id\":\"https:\\\/\\\/www.supaffaires.com\\\/BTSblancloane\\\/faq\\\/#breadcrumb\",\"itemListElement\":[{\"@type\":\"ListItem\",\"position\":1,\"name\":\"Accueil\",\"item\":\"https:\\\/\\\/www.supaffaires.com\\\/BTSblancloane\\\/\"},{\"@type\":\"ListItem\",\"position\":2,\"name\":\"FAQ\"}]},{\"@type\":\"WebSite\",\"@id\":\"https:\\\/\\\/www.supaffaires.com\\\/BTSblancloane\\\/#website\",\"url\":\"https:\\\/\\\/www.supaffaires.com\\\/BTSblancloane\\\/\",\"name\":\"\",\"description\":\"Biscuiterie Caramelerie et confiturerie bretonne\",\"potentialAction\":[{\"@type\":\"SearchAction\",\"target\":{\"@type\":\"EntryPoint\",\"urlTemplate\":\"https:\\\/\\\/www.supaffaires.com\\\/BTSblancloane\\\/?s={search_term_string}\"},\"query-input\":{\"@type\":\"PropertyValueSpecification\",\"valueRequired\":true,\"valueName\":\"search_term_string\"}}],\"inLanguage\":\"fr-FR\"}]}<\/script>\n<!-- \/ Yoast SEO plugin. -->","yoast_head_json":{"title":"FAQ -","robots":{"index":"index","follow":"follow","max-snippet":"max-snippet:-1","max-image-preview":"max-image-preview:large","max-video-preview":"max-video-preview:-1"},"canonical":"https:\/\/www.supaffaires.com\/BTSblancloane\/faq\/","og_locale":"fr_FR","og_type":"article","og_title":"FAQ -","og_url":"https:\/\/www.supaffaires.com\/BTSblancloane\/faq\/","article_modified_time":"2025-05-20T14:49:09+00:00","twitter_card":"summary_large_image","schema":{"@context":"https:\/\/schema.org","@graph":[{"@type":"WebPage","@id":"https:\/\/www.supaffaires.com\/BTSblancloane\/faq\/","url":"https:\/\/www.supaffaires.com\/BTSblancloane\/faq\/","name":"FAQ -","isPartOf":{"@id":"https:\/\/www.supaffaires.com\/BTSblancloane\/#website"},"datePublished":"2025-05-20T14:49:08+00:00","dateModified":"2025-05-20T14:49:09+00:00","breadcrumb":{"@id":"https:\/\/www.supaffaires.com\/BTSblancloane\/faq\/#breadcrumb"},"inLanguage":"fr-FR","potentialAction":[{"@type":"ReadAction","target":["https:\/\/www.supaffaires.com\/BTSblancloane\/faq\/"]}]},{"@type":"BreadcrumbList","@id":"https:\/\/www.supaffaires.com\/BTSblancloane\/faq\/#breadcrumb","itemListElement":[{"@type":"ListItem","position":1,"name":"Accueil","item":"https:\/\/www.supaffaires.com\/BTSblancloane\/"},{"@type":"ListItem","position":2,"name":"FAQ"}]},{"@type":"WebSite","@id":"https:\/\/www.supaffaires.com\/BTSblancloane\/#website","url":"https:\/\/www.supaffaires.com\/BTSblancloane\/","name":"","description":"Biscuiterie Caramelerie et confiturerie bretonne","potentialAction":[{"@type":"SearchAction","target":{"@type":"EntryPoint","urlTemplate":"https:\/\/www.supaffaires.com\/BTSblancloane\/?s={search_term_string}"},"query-input":{"@type":"PropertyValueSpecification","valueRequired":true,"valueName":"search_term_string"}}],"inLanguage":"fr-FR"}]}},"uagb_featured_image_src":{"full":false,"thumbnail":false,"medium":false,"medium_large":false,"large":false,"1536x1536":false,"2048x2048":false},"uagb_author_info":{"display_name":"etudiant","author_link":"https:\/\/www.supaffaires.com\/BTSblancloane\/author\/etudiant\/"},"uagb_comment_info":0,"uagb_excerpt":null,"_links":{"self":[{"href":"https:\/\/www.supaffaires.com\/BTSblancloane\/wp-json\/wp\/v2\/pages\/319","targetHints":{"allow":["GET"]}}],"collection":[{"href":"https:\/\/www.supaffaires.com\/BTSblancloane\/wp-json\/wp\/v2\/pages"}],"about":[{"href":"https:\/\/www.supaffaires.com\/BTSblancloane\/wp-json\/wp\/v2\/types\/page"}],"author":[{"embeddable":true,"href":"https:\/\/www.supaffaires.com\/BTSblancloane\/wp-json\/wp\/v2\/users\/1"}],"replies":[{"embeddable":true,"href":"https:\/\/www.supaffaires.com\/BTSblancloane\/wp-json\/wp\/v2\/comments?post=319"}],"version-history":[{"count":1,"href":"https:\/\/www.supaffaires.com\/BTSblancloane\/wp-json\/wp\/v2\/pages\/319\/revisions"}],"predecessor-version":[{"id":321,"href":"https:\/\/www.supaffaires.com\/BTSblancloane\/wp-json\/wp\/v2\/pages\/319\/revisions\/321"}],"wp:attachment":[{"href":"https:\/\/www.supaffaires.com\/BTSblancloane\/wp-json\/wp\/v2\/media?parent=319"}],"curies":[{"name":"wp","href":"https:\/\/api.w.org\/{rel}","templated":true}]}}