{"id":43,"date":"2024-11-18T20:04:59","date_gmt":"2024-11-18T20:04:59","guid":{"rendered":"https:\/\/www.supaffaires.com\/BTSblancloane\/?page_id=43"},"modified":"2025-06-03T15:23:54","modified_gmt":"2025-06-03T15:23:54","slug":"accueil","status":"publish","type":"page","link":"https:\/\/www.supaffaires.com\/BTSblancloane\/","title":{"rendered":"Accueil"},"content":{"rendered":"\n<h2 class=\"wp-block-heading\">Pensez \u00e0 l&rsquo;offre f\u00eate des p\u00e8res<\/h2>\n\n\n\n<div class=\"wp-block-uagb-countdown uagb-block-d0de6841\"><div class=\"wp-block-uagb-countdown__box wp-block-uagb-countdown__box-days\"><div role=\"timer\" aria-live=\"off\" class=\"wp-block-uagb-countdown__time wp-block-uagb-countdown__time-days\">&#8211;<\/div><div class=\"wp-block-uagb-countdown__label\">DAYS<\/div><\/div><div class=\"wp-block-uagb-countdown__box wp-block-uagb-countdown__box-hours\"><div role=\"timer\" aria-live=\"off\" class=\"wp-block-uagb-countdown__time wp-block-uagb-countdown__time-hours\">&#8211;<\/div><div class=\"wp-block-uagb-countdown__label\">HOURS<\/div><\/div><div class=\"wp-block-uagb-countdown__box wp-block-uagb-countdown__box-minutes\"><div role=\"timer\" aria-live=\"off\" class=\"wp-block-uagb-countdown__time wp-block-uagb-countdown__time-minutes\">&#8211;<\/div><div class=\"wp-block-uagb-countdown__label\">MINUTES<\/div><\/div><div class=\"wp-block-uagb-countdown__box wp-block-uagb-countdown__box-seconds\"><div role=\"timer\" aria-live=\"off\" class=\"wp-block-uagb-countdown__time wp-block-uagb-countdown__time-seconds\">&#8211;<\/div><div class=\"wp-block-uagb-countdown__label\">SECONDS<\/div><\/div><\/div>\n\n\n\n<div class=\"wp-block-uagb-slider uagb-block-5db434a3 uagb-slider-container\"><div class=\"uagb-slides uagb-swiper\"><div class=\"swiper-wrapper\">\n<div class=\"wp-block-uagb-slider-child uagb-slider-child-wrap swiper-slide uagb-block-d1748e01\"><div class=\"swiper-content\">\n<div class=\"wp-block-uagb-container uagb-block-4b7893c1 alignfull uagb-is-root-container\"><div class=\"uagb-container-inner-blocks-wrap\">\n<div class=\"wp-block-uagb-info-box uagb-block-b4566eff uagb-infobox__content-wrap  uagb-infobox-icon-above-title uagb-infobox-image-valign-top\" id=\"https:\/\/www.supaffaires.com\/BTSblancloane\/2025\/04\/04\/nos-produits-artisanaux-locaux\/\"><div class=\"uagb-ifb-content\"><div class=\"uagb-ifb-title-wrap\"><h3 class=\"uagb-ifb-title\">LA CARAMELERIE<\/h3><\/div><p class=\"uagb-ifb-desc\"> <\/p><div class=\"uagb-ifb-button-wrapper wp-block-button\"><a href=\"#\" class=\"uagb-infobox-cta-link wp-block-button__link\" target=\"_self\" rel=\"noopener noreferrer\" onclick=\"return false;\"><span class=\"uagb-inline-editing\">Cliquez ici<\/span><\/a><\/div><\/div><\/div>\n\n\n\n<h2 class=\"wp-block-heading has-vivid-red-color has-text-color has-link-color wp-elements-3332972b3fb0a95bfa5364376e18ad7e\">Notre caramel<\/h2>\n\n\n\n<p class=\"has-vivid-red-color has-white-background-color has-text-color has-background has-link-color wp-elements-76231128c6d4af97305d0916ffcd02a2\">La caramelerie est un lieu enchanteur o\u00f9 le sucre se transforme en d\u00e9lices dor\u00e9s. On y d\u00e9couvre une multitude de caramels artisanaux, fondants ou croquants, aux saveurs gourmandes et raffin\u00e9es.<\/p>\n<\/div><\/div>\n<\/div><\/div>\n\n\n\n<div class=\"wp-block-uagb-slider-child uagb-slider-child-wrap swiper-slide uagb-block-ce9c5d0d\"><div class=\"swiper-content\">\n<div class=\"wp-block-uagb-container uagb-block-36e4ce84 alignfull uagb-is-root-container\"><div class=\"uagb-container-inner-blocks-wrap\">\n<div class=\"wp-block-uagb-info-box uagb-block-7f756e0e uagb-infobox__content-wrap  uagb-infobox-icon-above-title uagb-infobox-image-valign-top\" id=\"https:\/\/www.supaffaires.com\/BTSblancloane\/2025\/04\/04\/nos-produits-artisanaux-locaux\/\"><div class=\"uagb-ifb-content\"><div class=\"uagb-ifb-title-wrap\"><h3 class=\"uagb-ifb-title\">LA CONFITURERIE<\/h3><\/div><p class=\"uagb-ifb-desc\">  <\/p><div class=\"uagb-ifb-button-wrapper wp-block-button\"><a href=\"#\" class=\"uagb-infobox-cta-link wp-block-button__link\" target=\"_self\" rel=\"noopener noreferrer\" onclick=\"return false;\"><span class=\"uagb-inline-editing\">Cliquez ici<\/span><\/a><\/div><\/div><\/div>\n<\/div><\/div>\n\n\n\n<h2 class=\"wp-block-heading has-vivid-green-cyan-color has-text-color has-link-color wp-elements-7634aea2016b45e4ee6f9e182d4891d4\">Notre confiture<\/h2>\n\n\n\n<p class=\"has-vivid-green-cyan-color has-text-color has-link-color wp-elements-47aac52d37e8c3e65820c27afeb9a6a6\">La confiturerie est un atelier de douceurs o\u00f9 les fruits sont cuits lentement pour r\u00e9v\u00e9ler toutes leurs saveurs. On y pr\u00e9pare des confitures artisanales aux ar\u00f4mes authentiques, m\u00ealant tradition et cr\u00e9ativit\u00e9.<\/p>\n<\/div><\/div>\n<\/div><\/div><div class=\"swiper-pagination\"><\/div><div class=\"swiper-button-prev\"><\/div><div class=\"swiper-button-next\"><\/div><\/div>\n\n\n\n<p>Implant\u00e9e au c\u0153ur de la Baie de Saint-Brieuc en Bretagne, notre biscuiterie bretonne fabrique une large gamme de biscuits et g\u00e2teaux bretons, caramels et confitures. <\/p>\n\n\n\n<p>Nos engagements portent depuis toujours sur le choix de s\u2019approvisionner aupr\u00e8s de fournisseurs r\u00e9gionaux, sans jamais utiliser dans nos recettes de colorant, de conservateur, d\u2019additif.<\/p>\n\n\n\n<figure class=\"wp-block-video aligncenter\"><video height=\"720\" style=\"aspect-ratio: 1280 \/ 720;\" width=\"1280\" autoplay controls src=\"https:\/\/www.supaffaires.com\/BTSblancloane\/wp-content\/uploads\/2024\/12\/191429-890109730_medium.mp4\"><\/video><\/figure>\n\n\n\n<p>Maison Brieuc fabrique chaque jour depuis pr\u00e8s de 25 ans de savoureuses gourmandises bretonnes dans nos ateliers d&rsquo;Yffiniac. <\/p>\n\n\n\n<p>Nos p\u00e2tissiers, caram\u00e8liers et confituriers s&rsquo;investissent chaque jour avec passion, l\u2019amour du m\u00e9tier et des savoir-faire d\u2019antan pour vous offrir le meilleur de la tradition culinaire bretonne.<\/p>\n\n\n\n<p>Authenticit\u00e9, simplicit\u00e9, proximit\u00e9 et sinc\u00e9rit\u00e9 sont au c\u0153ur de notre projet d\u2019entreprise. Nos ateliers vous sont ouverts toute l&rsquo;ann\u00e9e pour d\u00e9couvrir nos m\u00e9tiers et notre savoir-faire traditionnel.<\/p>\n\n\n\n<h2 class=\"wp-block-heading\">Notre \u00e9quipe<\/h2>\n\n\n\n<div class=\"wp-block-uagb-team uagb-team__image-position-above uagb-team__align-center uagb-team__stack-tablet uagb-block-a372c108\"><div class=\"uagb-team__content\"><img decoding=\"async\" class=\"uagb-team__image-crop-normal\" src=\"https:\/\/www.supaffaires.com\/BTSblancloane\/wp-content\/uploads\/2025\/05\/images-1-150x150.jpeg\" alt=\"\" height=\"100\" width=\"100\" loading=\"lazy\"\/><h3 class=\"uagb-team__title\">Titou<\/h3><span class=\"uagb-team__prefix\">Cr\u00e9ateur de la caramelerie<\/span><p class=\"uagb-team__desc\">Il joue un r\u00f4le fondamental dans la naissance, le d\u00e9veloppement et l&rsquo;orientation de l&rsquo;entreprise. <\/p><ul class=\"uagb-team__social-list\"><\/ul><\/div><\/div>\n\n\n\n<div class=\"wp-block-uagb-team uagb-team__image-position-above uagb-team__align-center uagb-team__stack-tablet uagb-block-60cb9c69\"><div class=\"uagb-team__content\"><img decoding=\"async\" class=\"uagb-team__image-crop-normal\" src=\"https:\/\/www.supaffaires.com\/BTSblancloane\/wp-content\/uploads\/2025\/03\/creme-citron-yuzu-150x150.jpg\" alt=\"\" height=\"100\" width=\"100\" loading=\"lazy\"\/><h3 class=\"uagb-team__title\">Jean<\/h3><span class=\"uagb-team__prefix\">Sp\u00e9cialiste des confitures maison<\/span><p class=\"uagb-team__desc\">Professionnel qui ma\u00eetrise l\u2019art de pr\u00e9parer des confitures artisanales \u00e0 partir de fruits frais, selon des m\u00e9thodes innovantes combinant savoir-faire culinaire, cr\u00e9ativit\u00e9 et qualit\u00e9 des produits.<\/p><ul class=\"uagb-team__social-list\"><\/ul><\/div><\/div>\n\n\n\n<div class=\"wp-block-uagb-team uagb-team__image-position-above uagb-team__align-center uagb-team__stack-tablet uagb-block-a738557c\"><div class=\"uagb-team__content\"><img decoding=\"async\" class=\"uagb-team__image-crop-normal\" src=\"https:\/\/www.supaffaires.com\/BTSblancloane\/wp-content\/uploads\/2025\/05\/images-150x150.jpeg\" alt=\"\" height=\"100\" width=\"100\" loading=\"lazy\"\/><h3 class=\"uagb-team__title\">B\u00e9linda<\/h3><span class=\"uagb-team__prefix\">Gestion des recettes authentiques des biscuits breton<\/span><p class=\"uagb-team__desc\">Joue un r\u00f4le important \u00e0 la fois culturel, patrimonial, culinaire et parfois entrepreneurial.<\/p><ul class=\"uagb-team__social-list\"><\/ul><\/div><\/div>\n\n\n\n<div class=\"wp-block-uagb-team uagb-team__image-position-above uagb-team__align-center uagb-team__stack-tablet uagb-block-6fabb831\"><div class=\"uagb-team__content\"><img decoding=\"async\" class=\"uagb-team__image-crop-normal\" src=\"https:\/\/www.supaffaires.com\/BTSblancloane\/wp-content\/uploads\/2025\/03\/Meringues_0170-150x150.jpg\" alt=\"\" height=\"100\" width=\"100\" loading=\"lazy\"\/><h3 class=\"uagb-team__title\">Lilou<\/h3><span class=\"uagb-team__prefix\">Goute&amp; approuve les recettes<\/span><p class=\"uagb-team__desc\">A pour mission principale d\u2019\u00e9valuer le go\u00fbt, la texture, l\u2019apparence et l\u2019\u00e9quilibre des recettes. Son r\u00f4le est crucial dans le d\u00e9veloppement, l\u2019am\u00e9lioration ou la validation.<\/p><ul class=\"uagb-team__social-list\"><\/ul><\/div><\/div>\n\n\n\n<figure class=\"wp-block-image alignfull size-full\"><img loading=\"lazy\" decoding=\"async\" width=\"733\" height=\"450\" src=\"https:\/\/www.supaffaires.com\/BTSblancloane\/wp-content\/uploads\/2025\/03\/usine.png\" alt=\"\" class=\"wp-image-193\" srcset=\"https:\/\/www.supaffaires.com\/BTSblancloane\/wp-content\/uploads\/2025\/03\/usine.png 733w, https:\/\/www.supaffaires.com\/BTSblancloane\/wp-content\/uploads\/2025\/03\/usine-300x184.png 300w\" sizes=\"auto, (max-width: 733px) 100vw, 733px\" \/><\/figure>\n\n\n\n<div class=\"wp-block-uagb-testimonial uagb-slick-carousel uagb-tm__arrow-outside uagb-block-2928b417\"><div class=\"is-carousel uagb-tm__columns-1 uagb-tm__items\"><div class=\"uagb-testimonial__wrap  uagb-tm__imgicon-style-circle uagb-tm__image-position-bottom uagb-tm__bg-type-none \"><div class=\"uagb-tm__content\"><div class=\"uagb-tm__overlay\"><\/div><div class=\"uagb-tm__text-wrap\"><div class=\"uagb-tm__desc\">\u00ab J\u2019ai rarement go\u00fbt\u00e9 des biscuits aussi bons ! Le caramel est<br>parfaitement dos\u00e9, ni trop sucr\u00e9 ni trop \u00e9c\u0153urant. Un vrai moment de bonheur<br>\u00e0 chaque bouch\u00e9e. C\u2019est devenu mon petit plaisir quotidien. Bravo pour cette<br>p\u00e9pite ! \u00bb<\/div><div class=\"uagb-tm__meta-inner\"><div class=\"uagb-tm__image-content\"><div class=\"uagb-tm__image\"><img decoding=\"async\" class=\"uagb-tm-img-src\" src=\"https:\/\/www.supaffaires.com\/BTSblancloane\/wp-content\/uploads\/2025\/05\/images-2-150x150.jpeg\" alt=\"\" width=\"73\" height=\"73\" loading=\"lazy\"\/><\/div><\/div><div class=\"uagb-testimonial-details\"><span class=\"uagb-tm__author-name\">Manuel<\/span><span class=\"uagb-tm__company\"> <\/span><\/div><\/div><\/div><\/div><\/div><div class=\"uagb-testimonial__wrap  uagb-tm__imgicon-style-circle uagb-tm__image-position-bottom uagb-tm__bg-type-none \"><div class=\"uagb-tm__content\"><div class=\"uagb-tm__overlay\"><\/div><div class=\"uagb-tm__text-wrap\"><div class=\"uagb-tm__desc\">\u00ab Votre confiture \u00e0 la fraise est une vraie merveille ! On sent que les<br>fruits sont de qualit\u00e9, le go\u00fbt est intense, naturel, avec juste ce qu\u2019il faut de<br>sucre. Merci pour cette douceur ! \u00bb<\/div><div class=\"uagb-tm__meta-inner\"><div class=\"uagb-tm__image-content\"><div class=\"uagb-tm__image\"><img decoding=\"async\" class=\"uagb-tm-img-src\" src=\"https:\/\/www.supaffaires.com\/BTSblancloane\/wp-content\/uploads\/2025\/05\/images-1-1-150x150.jpeg\" alt=\"\" width=\"73\" height=\"73\" loading=\"lazy\"\/><\/div><\/div><div class=\"uagb-testimonial-details\"><span class=\"uagb-tm__author-name\">Francine<\/span><span class=\"uagb-tm__company\"> <\/span><\/div><\/div><\/div><\/div><\/div><\/div><\/div>\n\n\n\n<p><\/p>\n","protected":false},"excerpt":{"rendered":"<p>Pensez \u00e0 l&rsquo;offre f\u00eate des p\u00e8res Implant\u00e9e au c\u0153ur de la Baie de Saint-Brieuc en Bretagne, notre biscuiterie bretonne fabrique une large gamme de biscuits et g\u00e2teaux bretons, caramels et confitures. Nos engagements portent depuis toujours sur le choix de s\u2019approvisionner aupr\u00e8s de fournisseurs r\u00e9gionaux, sans jamais utiliser dans nos recettes de colorant, de conservateur, [&hellip;]<\/p>\n","protected":false},"author":1,"featured_media":0,"parent":0,"menu_order":0,"comment_status":"closed","ping_status":"closed","template":"","meta":{"_uag_custom_page_level_css":"","site-sidebar-layout":"default","site-content-layout":"","ast-site-content-layout":"","site-content-style":"default","site-sidebar-style":"default","ast-global-header-display":"","ast-banner-title-visibility":"","ast-main-header-display":"","ast-hfb-above-header-display":"","ast-hfb-below-header-display":"","ast-hfb-mobile-header-display":"","site-post-title":"","ast-breadcrumbs-content":"","ast-featured-img":"","footer-sml-layout":"","theme-transparent-header-meta":"","adv-header-id-meta":"","stick-header-meta":"","header-above-stick-meta":"","header-main-stick-meta":"","header-below-stick-meta":"","astra-migrate-meta-layouts":"default","ast-page-background-enabled":"default","ast-page-background-meta":{"desktop":{"background-color":"var(--ast-global-color-4)","background-image":"","background-repeat":"repeat","background-position":"center center","background-size":"auto","background-attachment":"scroll","background-type":"","background-media":"","overlay-type":"","overlay-color":"","overlay-opacity":"","overlay-gradient":""},"tablet":{"background-color":"","background-image":"","background-repeat":"repeat","background-position":"center center","background-size":"auto","background-attachment":"scroll","background-type":"","background-media":"","overlay-type":"","overlay-color":"","overlay-opacity":"","overlay-gradient":""},"mobile":{"background-color":"","background-image":"","background-repeat":"repeat","background-position":"center center","background-size":"auto","background-attachment":"scroll","background-type":"","background-media":"","overlay-type":"","overlay-color":"","overlay-opacity":"","overlay-gradient":""}},"ast-content-background-meta":{"desktop":{"background-color":"var(--ast-global-color-5)","background-image":"","background-repeat":"repeat","background-position":"center center","background-size":"auto","background-attachment":"scroll","background-type":"","background-media":"","overlay-type":"","overlay-color":"","overlay-opacity":"","overlay-gradient":""},"tablet":{"background-color":"var(--ast-global-color-5)","background-image":"","background-repeat":"repeat","background-position":"center center","background-size":"auto","background-attachment":"scroll","background-type":"","background-media":"","overlay-type":"","overlay-color":"","overlay-opacity":"","overlay-gradient":""},"mobile":{"background-color":"var(--ast-global-color-5)","background-image":"","background-repeat":"repeat","background-position":"center center","background-size":"auto","background-attachment":"scroll","background-type":"","background-media":"","overlay-type":"","overlay-color":"","overlay-opacity":"","overlay-gradient":""}},"footnotes":""},"class_list":["post-43","page","type-page","status-publish","hentry"],"yoast_head":"<!-- This site is optimized with the Yoast SEO plugin v27.6 - https:\/\/yoast.com\/product\/yoast-seo-wordpress\/ -->\n<title>Accueil -<\/title>\n<meta name=\"robots\" content=\"index, follow, max-snippet:-1, max-image-preview:large, max-video-preview:-1\" \/>\n<link rel=\"canonical\" href=\"https:\/\/www.supaffaires.com\/BTSblancloane\/\" \/>\n<meta property=\"og:locale\" content=\"fr_FR\" \/>\n<meta property=\"og:type\" content=\"article\" \/>\n<meta property=\"og:title\" content=\"Accueil -\" \/>\n<meta property=\"og:description\" content=\"Pensez \u00e0 l&rsquo;offre f\u00eate des p\u00e8res Implant\u00e9e au c\u0153ur de la Baie de Saint-Brieuc en Bretagne, notre biscuiterie bretonne fabrique une large gamme de biscuits et g\u00e2teaux bretons, caramels et confitures. Nos engagements portent depuis toujours sur le choix de s\u2019approvisionner aupr\u00e8s de fournisseurs r\u00e9gionaux, sans jamais utiliser dans nos recettes de colorant, de conservateur, [&hellip;]\" \/>\n<meta property=\"og:url\" content=\"https:\/\/www.supaffaires.com\/BTSblancloane\/\" \/>\n<meta property=\"article:modified_time\" content=\"2025-06-03T15:23:54+00:00\" \/>\n<meta property=\"og:image\" content=\"https:\/\/www.supaffaires.com\/BTSblancloane\/wp-content\/uploads\/2025\/05\/images-1-150x150.jpeg\" \/>\n<meta name=\"twitter:card\" content=\"summary_large_image\" \/>\n<meta name=\"twitter:label1\" content=\"Dur\u00e9e de lecture estim\u00e9e\" \/>\n\t<meta name=\"twitter:data1\" content=\"4 minutes\" \/>\n<script type=\"application\/ld+json\" class=\"yoast-schema-graph\">{\"@context\":\"https:\\\/\\\/schema.org\",\"@graph\":[{\"@type\":\"WebPage\",\"@id\":\"https:\\\/\\\/www.supaffaires.com\\\/BTSblancloane\\\/\",\"url\":\"https:\\\/\\\/www.supaffaires.com\\\/BTSblancloane\\\/\",\"name\":\"Accueil -\",\"isPartOf\":{\"@id\":\"https:\\\/\\\/www.supaffaires.com\\\/BTSblancloane\\\/#website\"},\"primaryImageOfPage\":{\"@id\":\"https:\\\/\\\/www.supaffaires.com\\\/BTSblancloane\\\/#primaryimage\"},\"image\":{\"@id\":\"https:\\\/\\\/www.supaffaires.com\\\/BTSblancloane\\\/#primaryimage\"},\"thumbnailUrl\":\"https:\\\/\\\/www.supaffaires.com\\\/BTSblancloane\\\/wp-content\\\/uploads\\\/2025\\\/05\\\/images-1-150x150.jpeg\",\"datePublished\":\"2024-11-18T20:04:59+00:00\",\"dateModified\":\"2025-06-03T15:23:54+00:00\",\"breadcrumb\":{\"@id\":\"https:\\\/\\\/www.supaffaires.com\\\/BTSblancloane\\\/#breadcrumb\"},\"inLanguage\":\"fr-FR\",\"potentialAction\":[{\"@type\":\"ReadAction\",\"target\":[\"https:\\\/\\\/www.supaffaires.com\\\/BTSblancloane\\\/\"]}]},{\"@type\":\"ImageObject\",\"inLanguage\":\"fr-FR\",\"@id\":\"https:\\\/\\\/www.supaffaires.com\\\/BTSblancloane\\\/#primaryimage\",\"url\":\"https:\\\/\\\/www.supaffaires.com\\\/BTSblancloane\\\/wp-content\\\/uploads\\\/2025\\\/05\\\/images-1-150x150.jpeg\",\"contentUrl\":\"https:\\\/\\\/www.supaffaires.com\\\/BTSblancloane\\\/wp-content\\\/uploads\\\/2025\\\/05\\\/images-1-150x150.jpeg\"},{\"@type\":\"BreadcrumbList\",\"@id\":\"https:\\\/\\\/www.supaffaires.com\\\/BTSblancloane\\\/#breadcrumb\",\"itemListElement\":[{\"@type\":\"ListItem\",\"position\":1,\"name\":\"Accueil\",\"item\":\"https:\\\/\\\/www.supaffaires.com\\\/BTSblancloane\\\/\"},{\"@type\":\"ListItem\",\"position\":2,\"name\":\"Accueil\"}]},{\"@type\":\"WebSite\",\"@id\":\"https:\\\/\\\/www.supaffaires.com\\\/BTSblancloane\\\/#website\",\"url\":\"https:\\\/\\\/www.supaffaires.com\\\/BTSblancloane\\\/\",\"name\":\"\",\"description\":\"Biscuiterie Caramelerie et confiturerie bretonne\",\"potentialAction\":[{\"@type\":\"SearchAction\",\"target\":{\"@type\":\"EntryPoint\",\"urlTemplate\":\"https:\\\/\\\/www.supaffaires.com\\\/BTSblancloane\\\/?s={search_term_string}\"},\"query-input\":{\"@type\":\"PropertyValueSpecification\",\"valueRequired\":true,\"valueName\":\"search_term_string\"}}],\"inLanguage\":\"fr-FR\"}]}<\/script>\n<!-- \/ Yoast SEO plugin. -->","yoast_head_json":{"title":"Accueil -","robots":{"index":"index","follow":"follow","max-snippet":"max-snippet:-1","max-image-preview":"max-image-preview:large","max-video-preview":"max-video-preview:-1"},"canonical":"https:\/\/www.supaffaires.com\/BTSblancloane\/","og_locale":"fr_FR","og_type":"article","og_title":"Accueil -","og_description":"Pensez \u00e0 l&rsquo;offre f\u00eate des p\u00e8res Implant\u00e9e au c\u0153ur de la Baie de Saint-Brieuc en Bretagne, notre biscuiterie bretonne fabrique une large gamme de biscuits et g\u00e2teaux bretons, caramels et confitures. Nos engagements portent depuis toujours sur le choix de s\u2019approvisionner aupr\u00e8s de fournisseurs r\u00e9gionaux, sans jamais utiliser dans nos recettes de colorant, de conservateur, [&hellip;]","og_url":"https:\/\/www.supaffaires.com\/BTSblancloane\/","article_modified_time":"2025-06-03T15:23:54+00:00","og_image":[{"url":"https:\/\/www.supaffaires.com\/BTSblancloane\/wp-content\/uploads\/2025\/05\/images-1-150x150.jpeg","type":"","width":"","height":""}],"twitter_card":"summary_large_image","twitter_misc":{"Dur\u00e9e de lecture estim\u00e9e":"4 minutes"},"schema":{"@context":"https:\/\/schema.org","@graph":[{"@type":"WebPage","@id":"https:\/\/www.supaffaires.com\/BTSblancloane\/","url":"https:\/\/www.supaffaires.com\/BTSblancloane\/","name":"Accueil -","isPartOf":{"@id":"https:\/\/www.supaffaires.com\/BTSblancloane\/#website"},"primaryImageOfPage":{"@id":"https:\/\/www.supaffaires.com\/BTSblancloane\/#primaryimage"},"image":{"@id":"https:\/\/www.supaffaires.com\/BTSblancloane\/#primaryimage"},"thumbnailUrl":"https:\/\/www.supaffaires.com\/BTSblancloane\/wp-content\/uploads\/2025\/05\/images-1-150x150.jpeg","datePublished":"2024-11-18T20:04:59+00:00","dateModified":"2025-06-03T15:23:54+00:00","breadcrumb":{"@id":"https:\/\/www.supaffaires.com\/BTSblancloane\/#breadcrumb"},"inLanguage":"fr-FR","potentialAction":[{"@type":"ReadAction","target":["https:\/\/www.supaffaires.com\/BTSblancloane\/"]}]},{"@type":"ImageObject","inLanguage":"fr-FR","@id":"https:\/\/www.supaffaires.com\/BTSblancloane\/#primaryimage","url":"https:\/\/www.supaffaires.com\/BTSblancloane\/wp-content\/uploads\/2025\/05\/images-1-150x150.jpeg","contentUrl":"https:\/\/www.supaffaires.com\/BTSblancloane\/wp-content\/uploads\/2025\/05\/images-1-150x150.jpeg"},{"@type":"BreadcrumbList","@id":"https:\/\/www.supaffaires.com\/BTSblancloane\/#breadcrumb","itemListElement":[{"@type":"ListItem","position":1,"name":"Accueil","item":"https:\/\/www.supaffaires.com\/BTSblancloane\/"},{"@type":"ListItem","position":2,"name":"Accueil"}]},{"@type":"WebSite","@id":"https:\/\/www.supaffaires.com\/BTSblancloane\/#website","url":"https:\/\/www.supaffaires.com\/BTSblancloane\/","name":"","description":"Biscuiterie Caramelerie et confiturerie bretonne","potentialAction":[{"@type":"SearchAction","target":{"@type":"EntryPoint","urlTemplate":"https:\/\/www.supaffaires.com\/BTSblancloane\/?s={search_term_string}"},"query-input":{"@type":"PropertyValueSpecification","valueRequired":true,"valueName":"search_term_string"}}],"inLanguage":"fr-FR"}]}},"uagb_featured_image_src":{"full":false,"thumbnail":false,"medium":false,"medium_large":false,"large":false,"1536x1536":false,"2048x2048":false},"uagb_author_info":{"display_name":"etudiant","author_link":"https:\/\/www.supaffaires.com\/BTSblancloane\/author\/etudiant\/"},"uagb_comment_info":0,"uagb_excerpt":"Pensez \u00e0 l&rsquo;offre f\u00eate des p\u00e8res Implant\u00e9e au c\u0153ur de la Baie de Saint-Brieuc en Bretagne, notre biscuiterie bretonne fabrique une large gamme de biscuits et g\u00e2teaux bretons, caramels et confitures. Nos engagements portent depuis toujours sur le choix de s\u2019approvisionner aupr\u00e8s de fournisseurs r\u00e9gionaux, sans jamais utiliser dans nos recettes de colorant, de conservateur,\u2026","_links":{"self":[{"href":"https:\/\/www.supaffaires.com\/BTSblancloane\/wp-json\/wp\/v2\/pages\/43","targetHints":{"allow":["GET"]}}],"collection":[{"href":"https:\/\/www.supaffaires.com\/BTSblancloane\/wp-json\/wp\/v2\/pages"}],"about":[{"href":"https:\/\/www.supaffaires.com\/BTSblancloane\/wp-json\/wp\/v2\/types\/page"}],"author":[{"embeddable":true,"href":"https:\/\/www.supaffaires.com\/BTSblancloane\/wp-json\/wp\/v2\/users\/1"}],"replies":[{"embeddable":true,"href":"https:\/\/www.supaffaires.com\/BTSblancloane\/wp-json\/wp\/v2\/comments?post=43"}],"version-history":[{"count":17,"href":"https:\/\/www.supaffaires.com\/BTSblancloane\/wp-json\/wp\/v2\/pages\/43\/revisions"}],"predecessor-version":[{"id":339,"href":"https:\/\/www.supaffaires.com\/BTSblancloane\/wp-json\/wp\/v2\/pages\/43\/revisions\/339"}],"wp:attachment":[{"href":"https:\/\/www.supaffaires.com\/BTSblancloane\/wp-json\/wp\/v2\/media?parent=43"}],"curies":[{"name":"wp","href":"https:\/\/api.w.org\/{rel}","templated":true}]}}