{"id":222,"date":"2025-03-30T19:47:49","date_gmt":"2025-03-30T19:47:49","guid":{"rendered":"https:\/\/www.supaffaires.com\/BTSblanctom\/?page_id=222"},"modified":"2025-03-30T20:36:42","modified_gmt":"2025-03-30T20:36:42","slug":"confiturerie","status":"publish","type":"page","link":"https:\/\/www.supaffaires.com\/BTSblanctom\/confiturerie\/","title":{"rendered":"Confiturerie"},"content":{"rendered":"\n<h2 class=\"wp-block-heading\"> Confibreizh \u00e0 d\u00e9guster<\/h2>\n\n\n\n<p>Nos Confibreizh, d\u00e9licieuses confitures riches en fruits, sont pr\u00e9par\u00e9es comme \u00e0 la maison, en utilisant une quantit\u00e9 g\u00e9n\u00e9reuse de fruits et juste ce qu&rsquo;il faut de sucre de canne. Elles sont con\u00e7ues pour vous r\u00e9galer et ajouter une touche sp\u00e9ciale \u00e0 vos soir\u00e9es cr\u00eapes !<\/p>\n\n\n\n<figure class=\"wp-block-image aligncenter size-full\"><img loading=\"lazy\" decoding=\"async\" width=\"372\" height=\"263\" src=\"https:\/\/www.supaffaires.com\/BTSblanctom\/wp-content\/uploads\/2025\/03\/confibreiz-fraise.png\" alt=\"\" class=\"wp-image-236\" srcset=\"https:\/\/www.supaffaires.com\/BTSblanctom\/wp-content\/uploads\/2025\/03\/confibreiz-fraise.png 372w, https:\/\/www.supaffaires.com\/BTSblanctom\/wp-content\/uploads\/2025\/03\/confibreiz-fraise-300x212.png 300w\" sizes=\"auto, (max-width: 372px) 100vw, 372px\" \/><\/figure>\n\n\n\n<h2 class=\"wp-block-heading\">P\u00e2tes \u00e0 tartiner<\/h2>\n\n\n\n<p>Nos p\u00e2tes \u00e0 tartiner au chocolat et notre c\u00e9l\u00e8bre Nutabreizh sont parfaitement \u00e9quilibr\u00e9es en saveurs, offrant une exp\u00e9rience gustative irr\u00e9sistible. Elles sont toutes pr\u00e9par\u00e9es avec soin en utilisant des ingr\u00e9dients rigoureusement s\u00e9lectionn\u00e9s.<\/p>\n\n\n\n<figure class=\"wp-block-image size-full is-resized\"><img loading=\"lazy\" decoding=\"async\" width=\"368\" height=\"283\" src=\"https:\/\/www.supaffaires.com\/BTSblanctom\/wp-content\/uploads\/2025\/03\/Nutabreizh.png\" alt=\"\" class=\"wp-image-237\" style=\"width:355px;height:auto\" srcset=\"https:\/\/www.supaffaires.com\/BTSblanctom\/wp-content\/uploads\/2025\/03\/Nutabreizh.png 368w, https:\/\/www.supaffaires.com\/BTSblanctom\/wp-content\/uploads\/2025\/03\/Nutabreizh-300x231.png 300w\" sizes=\"auto, (max-width: 368px) 100vw, 368px\" \/><\/figure>\n\n\n\n<figure class=\"wp-block-image size-full is-resized\"><img loading=\"lazy\" decoding=\"async\" width=\"357\" height=\"234\" src=\"https:\/\/www.supaffaires.com\/BTSblanctom\/wp-content\/uploads\/2025\/03\/onctueux-chocolat-noir.png\" alt=\"\" class=\"wp-image-240\" style=\"width:366px;height:auto\" srcset=\"https:\/\/www.supaffaires.com\/BTSblanctom\/wp-content\/uploads\/2025\/03\/onctueux-chocolat-noir.png 357w, https:\/\/www.supaffaires.com\/BTSblanctom\/wp-content\/uploads\/2025\/03\/onctueux-chocolat-noir-300x197.png 300w\" sizes=\"auto, (max-width: 357px) 100vw, 357px\" \/><\/figure>\n\n\n\n<p><\/p>\n","protected":false},"excerpt":{"rendered":"<p>Confibreizh \u00e0 d\u00e9guster Nos Confibreizh, d\u00e9licieuses confitures riches en fruits, sont pr\u00e9par\u00e9es comme \u00e0 la maison, en utilisant une quantit\u00e9 g\u00e9n\u00e9reuse de fruits et juste ce qu&rsquo;il faut de sucre de canne. Elles sont con\u00e7ues pour vous r\u00e9galer et ajouter une touche sp\u00e9ciale \u00e0 vos soir\u00e9es cr\u00eapes ! P\u00e2tes \u00e0 tartiner Nos p\u00e2tes \u00e0 tartiner [&hellip;]<\/p>\n","protected":false},"author":1,"featured_media":0,"parent":0,"menu_order":0,"comment_status":"closed","ping_status":"closed","template":"","meta":{"_uag_custom_page_level_css":"","site-sidebar-layout":"default","site-content-layout":"","ast-site-content-layout":"","site-content-style":"default","site-sidebar-style":"default","ast-global-header-display":"","ast-banner-title-visibility":"","ast-main-header-display":"","ast-hfb-above-header-display":"","ast-hfb-below-header-display":"","ast-hfb-mobile-header-display":"","site-post-title":"","ast-breadcrumbs-content":"","ast-featured-img":"","footer-sml-layout":"","theme-transparent-header-meta":"","adv-header-id-meta":"","stick-header-meta":"","header-above-stick-meta":"","header-main-stick-meta":"","header-below-stick-meta":"","astra-migrate-meta-layouts":"default","ast-page-background-enabled":"default","ast-page-background-meta":{"desktop":{"background-color":"var(--ast-global-color-4)","background-image":"","background-repeat":"repeat","background-position":"center center","background-size":"auto","background-attachment":"scroll","background-type":"","background-media":"","overlay-type":"","overlay-color":"","overlay-opacity":"","overlay-gradient":""},"tablet":{"background-color":"","background-image":"","background-repeat":"repeat","background-position":"center center","background-size":"auto","background-attachment":"scroll","background-type":"","background-media":"","overlay-type":"","overlay-color":"","overlay-opacity":"","overlay-gradient":""},"mobile":{"background-color":"","background-image":"","background-repeat":"repeat","background-position":"center center","background-size":"auto","background-attachment":"scroll","background-type":"","background-media":"","overlay-type":"","overlay-color":"","overlay-opacity":"","overlay-gradient":""}},"ast-content-background-meta":{"desktop":{"background-color":"var(--ast-global-color-5)","background-image":"","background-repeat":"repeat","background-position":"center center","background-size":"auto","background-attachment":"scroll","background-type":"","background-media":"","overlay-type":"","overlay-color":"","overlay-opacity":"","overlay-gradient":""},"tablet":{"background-color":"var(--ast-global-color-5)","background-image":"","background-repeat":"repeat","background-position":"center center","background-size":"auto","background-attachment":"scroll","background-type":"","background-media":"","overlay-type":"","overlay-color":"","overlay-opacity":"","overlay-gradient":""},"mobile":{"background-color":"var(--ast-global-color-5)","background-image":"","background-repeat":"repeat","background-position":"center center","background-size":"auto","background-attachment":"scroll","background-type":"","background-media":"","overlay-type":"","overlay-color":"","overlay-opacity":"","overlay-gradient":""}},"footnotes":""},"class_list":["post-222","page","type-page","status-publish","hentry"],"yoast_head":"<!-- This site is optimized with the Yoast SEO plugin v27.6 - https:\/\/yoast.com\/product\/yoast-seo-wordpress\/ -->\n<title>Confiturerie -<\/title>\n<meta name=\"robots\" content=\"index, follow, max-snippet:-1, max-image-preview:large, max-video-preview:-1\" \/>\n<link rel=\"canonical\" href=\"https:\/\/www.supaffaires.com\/BTSblanctom\/confiturerie\/\" \/>\n<meta property=\"og:locale\" content=\"fr_FR\" \/>\n<meta property=\"og:type\" content=\"article\" \/>\n<meta property=\"og:title\" content=\"Confiturerie -\" \/>\n<meta property=\"og:description\" content=\"Confibreizh \u00e0 d\u00e9guster Nos Confibreizh, d\u00e9licieuses confitures riches en fruits, sont pr\u00e9par\u00e9es comme \u00e0 la maison, en utilisant une quantit\u00e9 g\u00e9n\u00e9reuse de fruits et juste ce qu&rsquo;il faut de sucre de canne. Elles sont con\u00e7ues pour vous r\u00e9galer et ajouter une touche sp\u00e9ciale \u00e0 vos soir\u00e9es cr\u00eapes ! P\u00e2tes \u00e0 tartiner Nos p\u00e2tes \u00e0 tartiner [&hellip;]\" \/>\n<meta property=\"og:url\" content=\"https:\/\/www.supaffaires.com\/BTSblanctom\/confiturerie\/\" \/>\n<meta property=\"article:modified_time\" content=\"2025-03-30T20:36:42+00:00\" \/>\n<meta property=\"og:image\" content=\"https:\/\/www.supaffaires.com\/BTSblanctom\/wp-content\/uploads\/2025\/03\/confibreiz-fraise.png\" \/>\n\t<meta property=\"og:image:width\" content=\"372\" \/>\n\t<meta property=\"og:image:height\" content=\"263\" \/>\n\t<meta property=\"og:image:type\" content=\"image\/png\" \/>\n<meta name=\"twitter:card\" content=\"summary_large_image\" \/>\n<meta name=\"twitter:label1\" content=\"Dur\u00e9e de lecture estim\u00e9e\" \/>\n\t<meta name=\"twitter:data1\" content=\"2 minutes\" \/>\n<script type=\"application\/ld+json\" class=\"yoast-schema-graph\">{\"@context\":\"https:\\\/\\\/schema.org\",\"@graph\":[{\"@type\":\"WebPage\",\"@id\":\"https:\\\/\\\/www.supaffaires.com\\\/BTSblanctom\\\/confiturerie\\\/\",\"url\":\"https:\\\/\\\/www.supaffaires.com\\\/BTSblanctom\\\/confiturerie\\\/\",\"name\":\"Confiturerie -\",\"isPartOf\":{\"@id\":\"https:\\\/\\\/www.supaffaires.com\\\/BTSblanctom\\\/#website\"},\"primaryImageOfPage\":{\"@id\":\"https:\\\/\\\/www.supaffaires.com\\\/BTSblanctom\\\/confiturerie\\\/#primaryimage\"},\"image\":{\"@id\":\"https:\\\/\\\/www.supaffaires.com\\\/BTSblanctom\\\/confiturerie\\\/#primaryimage\"},\"thumbnailUrl\":\"https:\\\/\\\/www.supaffaires.com\\\/BTSblanctom\\\/wp-content\\\/uploads\\\/2025\\\/03\\\/confibreiz-fraise.png\",\"datePublished\":\"2025-03-30T19:47:49+00:00\",\"dateModified\":\"2025-03-30T20:36:42+00:00\",\"breadcrumb\":{\"@id\":\"https:\\\/\\\/www.supaffaires.com\\\/BTSblanctom\\\/confiturerie\\\/#breadcrumb\"},\"inLanguage\":\"fr-FR\",\"potentialAction\":[{\"@type\":\"ReadAction\",\"target\":[\"https:\\\/\\\/www.supaffaires.com\\\/BTSblanctom\\\/confiturerie\\\/\"]}]},{\"@type\":\"ImageObject\",\"inLanguage\":\"fr-FR\",\"@id\":\"https:\\\/\\\/www.supaffaires.com\\\/BTSblanctom\\\/confiturerie\\\/#primaryimage\",\"url\":\"https:\\\/\\\/www.supaffaires.com\\\/BTSblanctom\\\/wp-content\\\/uploads\\\/2025\\\/03\\\/confibreiz-fraise.png\",\"contentUrl\":\"https:\\\/\\\/www.supaffaires.com\\\/BTSblanctom\\\/wp-content\\\/uploads\\\/2025\\\/03\\\/confibreiz-fraise.png\",\"width\":372,\"height\":263},{\"@type\":\"BreadcrumbList\",\"@id\":\"https:\\\/\\\/www.supaffaires.com\\\/BTSblanctom\\\/confiturerie\\\/#breadcrumb\",\"itemListElement\":[{\"@type\":\"ListItem\",\"position\":1,\"name\":\"Accueil\",\"item\":\"https:\\\/\\\/www.supaffaires.com\\\/BTSblanctom\\\/\"},{\"@type\":\"ListItem\",\"position\":2,\"name\":\"Confiturerie\"}]},{\"@type\":\"WebSite\",\"@id\":\"https:\\\/\\\/www.supaffaires.com\\\/BTSblanctom\\\/#website\",\"url\":\"https:\\\/\\\/www.supaffaires.com\\\/BTSblanctom\\\/\",\"name\":\"\",\"description\":\"Biscuiterie Caramelerie et confiturerie bretonne\",\"potentialAction\":[{\"@type\":\"SearchAction\",\"target\":{\"@type\":\"EntryPoint\",\"urlTemplate\":\"https:\\\/\\\/www.supaffaires.com\\\/BTSblanctom\\\/?s={search_term_string}\"},\"query-input\":{\"@type\":\"PropertyValueSpecification\",\"valueRequired\":true,\"valueName\":\"search_term_string\"}}],\"inLanguage\":\"fr-FR\"}]}<\/script>\n<!-- \/ Yoast SEO plugin. -->","yoast_head_json":{"title":"Confiturerie -","robots":{"index":"index","follow":"follow","max-snippet":"max-snippet:-1","max-image-preview":"max-image-preview:large","max-video-preview":"max-video-preview:-1"},"canonical":"https:\/\/www.supaffaires.com\/BTSblanctom\/confiturerie\/","og_locale":"fr_FR","og_type":"article","og_title":"Confiturerie -","og_description":"Confibreizh \u00e0 d\u00e9guster Nos Confibreizh, d\u00e9licieuses confitures riches en fruits, sont pr\u00e9par\u00e9es comme \u00e0 la maison, en utilisant une quantit\u00e9 g\u00e9n\u00e9reuse de fruits et juste ce qu&rsquo;il faut de sucre de canne. Elles sont con\u00e7ues pour vous r\u00e9galer et ajouter une touche sp\u00e9ciale \u00e0 vos soir\u00e9es cr\u00eapes ! P\u00e2tes \u00e0 tartiner Nos p\u00e2tes \u00e0 tartiner [&hellip;]","og_url":"https:\/\/www.supaffaires.com\/BTSblanctom\/confiturerie\/","article_modified_time":"2025-03-30T20:36:42+00:00","og_image":[{"width":372,"height":263,"url":"https:\/\/www.supaffaires.com\/BTSblanctom\/wp-content\/uploads\/2025\/03\/confibreiz-fraise.png","type":"image\/png"}],"twitter_card":"summary_large_image","twitter_misc":{"Dur\u00e9e de lecture estim\u00e9e":"2 minutes"},"schema":{"@context":"https:\/\/schema.org","@graph":[{"@type":"WebPage","@id":"https:\/\/www.supaffaires.com\/BTSblanctom\/confiturerie\/","url":"https:\/\/www.supaffaires.com\/BTSblanctom\/confiturerie\/","name":"Confiturerie -","isPartOf":{"@id":"https:\/\/www.supaffaires.com\/BTSblanctom\/#website"},"primaryImageOfPage":{"@id":"https:\/\/www.supaffaires.com\/BTSblanctom\/confiturerie\/#primaryimage"},"image":{"@id":"https:\/\/www.supaffaires.com\/BTSblanctom\/confiturerie\/#primaryimage"},"thumbnailUrl":"https:\/\/www.supaffaires.com\/BTSblanctom\/wp-content\/uploads\/2025\/03\/confibreiz-fraise.png","datePublished":"2025-03-30T19:47:49+00:00","dateModified":"2025-03-30T20:36:42+00:00","breadcrumb":{"@id":"https:\/\/www.supaffaires.com\/BTSblanctom\/confiturerie\/#breadcrumb"},"inLanguage":"fr-FR","potentialAction":[{"@type":"ReadAction","target":["https:\/\/www.supaffaires.com\/BTSblanctom\/confiturerie\/"]}]},{"@type":"ImageObject","inLanguage":"fr-FR","@id":"https:\/\/www.supaffaires.com\/BTSblanctom\/confiturerie\/#primaryimage","url":"https:\/\/www.supaffaires.com\/BTSblanctom\/wp-content\/uploads\/2025\/03\/confibreiz-fraise.png","contentUrl":"https:\/\/www.supaffaires.com\/BTSblanctom\/wp-content\/uploads\/2025\/03\/confibreiz-fraise.png","width":372,"height":263},{"@type":"BreadcrumbList","@id":"https:\/\/www.supaffaires.com\/BTSblanctom\/confiturerie\/#breadcrumb","itemListElement":[{"@type":"ListItem","position":1,"name":"Accueil","item":"https:\/\/www.supaffaires.com\/BTSblanctom\/"},{"@type":"ListItem","position":2,"name":"Confiturerie"}]},{"@type":"WebSite","@id":"https:\/\/www.supaffaires.com\/BTSblanctom\/#website","url":"https:\/\/www.supaffaires.com\/BTSblanctom\/","name":"","description":"Biscuiterie Caramelerie et confiturerie bretonne","potentialAction":[{"@type":"SearchAction","target":{"@type":"EntryPoint","urlTemplate":"https:\/\/www.supaffaires.com\/BTSblanctom\/?s={search_term_string}"},"query-input":{"@type":"PropertyValueSpecification","valueRequired":true,"valueName":"search_term_string"}}],"inLanguage":"fr-FR"}]}},"uagb_featured_image_src":{"full":false,"thumbnail":false,"medium":false,"medium_large":false,"large":false,"1536x1536":false,"2048x2048":false},"uagb_author_info":{"display_name":"etudiant","author_link":"https:\/\/www.supaffaires.com\/BTSblanctom\/author\/etudiant\/"},"uagb_comment_info":0,"uagb_excerpt":"Confibreizh \u00e0 d\u00e9guster Nos Confibreizh, d\u00e9licieuses confitures riches en fruits, sont pr\u00e9par\u00e9es comme \u00e0 la maison, en utilisant une quantit\u00e9 g\u00e9n\u00e9reuse de fruits et juste ce qu&rsquo;il faut de sucre de canne. Elles sont con\u00e7ues pour vous r\u00e9galer et ajouter une touche sp\u00e9ciale \u00e0 vos soir\u00e9es cr\u00eapes ! P\u00e2tes \u00e0 tartiner Nos p\u00e2tes \u00e0 tartiner\u2026","_links":{"self":[{"href":"https:\/\/www.supaffaires.com\/BTSblanctom\/wp-json\/wp\/v2\/pages\/222","targetHints":{"allow":["GET"]}}],"collection":[{"href":"https:\/\/www.supaffaires.com\/BTSblanctom\/wp-json\/wp\/v2\/pages"}],"about":[{"href":"https:\/\/www.supaffaires.com\/BTSblanctom\/wp-json\/wp\/v2\/types\/page"}],"author":[{"embeddable":true,"href":"https:\/\/www.supaffaires.com\/BTSblanctom\/wp-json\/wp\/v2\/users\/1"}],"replies":[{"embeddable":true,"href":"https:\/\/www.supaffaires.com\/BTSblanctom\/wp-json\/wp\/v2\/comments?post=222"}],"version-history":[{"count":3,"href":"https:\/\/www.supaffaires.com\/BTSblanctom\/wp-json\/wp\/v2\/pages\/222\/revisions"}],"predecessor-version":[{"id":241,"href":"https:\/\/www.supaffaires.com\/BTSblanctom\/wp-json\/wp\/v2\/pages\/222\/revisions\/241"}],"wp:attachment":[{"href":"https:\/\/www.supaffaires.com\/BTSblanctom\/wp-json\/wp\/v2\/media?parent=222"}],"curies":[{"name":"wp","href":"https:\/\/api.w.org\/{rel}","templated":true}]}}