{"id":43,"date":"2024-11-18T20:04:59","date_gmt":"2024-11-18T20:04:59","guid":{"rendered":"https:\/\/www.supaffaires.com\/BTSblanctom\/?page_id=43"},"modified":"2025-06-03T13:29:04","modified_gmt":"2025-06-03T13:29:04","slug":"accueil","status":"publish","type":"page","link":"https:\/\/www.supaffaires.com\/BTSblanctom\/","title":{"rendered":"Accueil"},"content":{"rendered":"\n<div class=\"wp-block-uagb-slider uagb-block-473c9762 uagb-slider-container\"><div class=\"uagb-slides uagb-swiper\"><div class=\"swiper-wrapper\">\n<div class=\"wp-block-uagb-slider-child uagb-slider-child-wrap swiper-slide uagb-block-97164e4f\"><div class=\"swiper-content\">\n<div class=\"wp-block-uagb-container uagb-block-63c6c70c alignfull uagb-is-root-container\"><div class=\"uagb-container-inner-blocks-wrap\">\n<div class=\"wp-block-uagb-info-box uagb-block-7d8e993d uagb-infobox__content-wrap  uagb-infobox-icon-above-title uagb-infobox-image-valign-top\"><div class=\"uagb-ifb-content\"><div class=\"uagb-ifb-icon-wrap\"><svg xmlns=\"https:\/\/www.w3.org\/2000\/svg\" viewBox=\"0 0 512 512\"><path d=\"M0 256C0 114.6 114.6 0 256 0C397.4 0 512 114.6 512 256C512 397.4 397.4 512 256 512C114.6 512 0 397.4 0 256zM371.8 211.8C382.7 200.9 382.7 183.1 371.8 172.2C360.9 161.3 343.1 161.3 332.2 172.2L224 280.4L179.8 236.2C168.9 225.3 151.1 225.3 140.2 236.2C129.3 247.1 129.3 264.9 140.2 275.8L204.2 339.8C215.1 350.7 232.9 350.7 243.8 339.8L371.8 211.8z\"><\/path><\/svg><\/div><div class=\"uagb-ifb-title-wrap\"><h2 class=\"uagb-ifb-title\"><mark style=\"background-color:rgba(0, 0, 0, 0)\" class=\"has-inline-color has-ast-global-color-5-color\">Decouvrez la Caramelerie<\/mark><\/h2><\/div><p class=\"uagb-ifb-desc\"><mark style=\"background-color:rgba(0, 0, 0, 0);color:#ffffff\" class=\"has-inline-color\">venez d\u00e9couvrir la caram\u00e8lerie, un lieu d\u00e9di\u00e9 aux douceurs artisanales o\u00f9 le caramel se d\u00e9cline avec finesse. une invitation gourmande pour petits et grands.<\/mark><\/p><\/div><\/div>\n<\/div><\/div>\n<\/div><\/div>\n\n\n\n<div class=\"wp-block-uagb-slider-child uagb-slider-child-wrap swiper-slide uagb-block-aa5eba1b\"><div class=\"swiper-content\">\n<div class=\"wp-block-uagb-container uagb-block-2289ae02 alignfull uagb-is-root-container\"><div class=\"uagb-container-inner-blocks-wrap\">\n<div class=\"wp-block-uagb-info-box uagb-block-06c6129a uagb-infobox__content-wrap  uagb-infobox-icon-above-title uagb-infobox-image-valign-top\"><div class=\"uagb-ifb-content\"><div class=\"uagb-ifb-icon-wrap\"><svg xmlns=\"https:\/\/www.w3.org\/2000\/svg\" viewBox=\"0 0 512 512\"><path d=\"M0 256C0 114.6 114.6 0 256 0C397.4 0 512 114.6 512 256C512 397.4 397.4 512 256 512C114.6 512 0 397.4 0 256zM371.8 211.8C382.7 200.9 382.7 183.1 371.8 172.2C360.9 161.3 343.1 161.3 332.2 172.2L224 280.4L179.8 236.2C168.9 225.3 151.1 225.3 140.2 236.2C129.3 247.1 129.3 264.9 140.2 275.8L204.2 339.8C215.1 350.7 232.9 350.7 243.8 339.8L371.8 211.8z\"><\/path><\/svg><\/div><div class=\"uagb-ifb-title-wrap\"><h2 class=\"uagb-ifb-title\"><mark style=\"background-color:rgba(0, 0, 0, 0);color:#cf2e2e\" class=\"has-inline-color\">Decouvrez la confiturerie <\/mark><\/h2><\/div><p class=\"uagb-ifb-desc\"><mark style=\"background-color:rgba(0, 0, 0, 0);color:#cf2e2e\" class=\"has-inline-color\">plongez dans l\u2019univers fruit\u00e9 de la confiturerie, o\u00f9 chaque confiture est cuisin\u00e9e avec soin \u00e0 partir de fruits frais et de recettes authentiques.<\/mark><\/p><div class=\"uagb-ifb-button-wrapper wp-block-button\"><a href=\"#\" class=\"uagb-infobox-cta-link wp-block-button__link\" target=\"_self\" rel=\"noopener noreferrer\" onclick=\"return false;\"><span class=\"uagb-inline-editing\">Read More<\/span><\/a><\/div><\/div><\/div>\n<\/div><\/div>\n<\/div><\/div>\n<\/div><\/div><div class=\"swiper-pagination\"><\/div><div class=\"swiper-button-prev\"><\/div><div class=\"swiper-button-next\"><\/div><\/div>\n\n\n\n<p>Implant\u00e9e au c\u0153ur de la Baie de Saint-Brieuc en Bretagne, notre biscuiterie bretonne fabrique une large gamme de biscuits et g\u00e2teaux bretons, caramels et confitures. <\/p>\n\n\n\n<p><\/p>\n\n\n\n<p><\/p>\n\n\n\n<p><\/p>\n\n\n\n<h2 class=\"wp-block-heading has-text-align-center has-x-large-font-size\">     L&rsquo;Equipe <\/h2>\n\n\n\n<div data-aos= \"fade\" data-aos-duration=\"400\" data-aos-delay=\"0\" data-aos-easing=\"ease\" data-aos-once=\"true\" class=\"wp-block-uagb-team uagb-team__image-position-left uagb-team__align-left uagb-team__stack-tablet uagb-block-b380bede\"><img decoding=\"async\" class=\"uagb-team__image-crop-circle\" src=\"https:\/\/www.supaffaires.com\/BTSblanctom\/wp-content\/uploads\/2025\/06\/images-150x150.jpeg\" alt=\"\" height=\"100\" width=\"100\" loading=\"lazy\"\/><div class=\"uagb-team__content\"><h3 class=\"uagb-team__title\">Titou<\/h3><span class=\"uagb-team__prefix\">Fondateur de la caram\u00e9lerie<\/span><p class=\"uagb-team__desc\">Titou est le fondateur passionn\u00e9 de <strong>La Caram\u00e8lerie<\/strong>, une marque artisanale sp\u00e9cialis\u00e9e dans les caramels faits maison. Amoureux des saveurs authentiques, il a lanc\u00e9 ce projet pour partager son savoir-faire et proposer des douceurs de qualit\u00e9, pr\u00e9par\u00e9es avec des ingr\u00e9dients simples et naturels. Gr\u00e2ce \u00e0 son exigence et \u00e0 sa cr\u00e9ativit\u00e9, La Caram\u00e8lerie s\u00e9duit les gourmands en qu\u00eate de plaisir sucr\u00e9.<\/p><ul class=\"uagb-team__social-list\"><\/ul><\/div><\/div>\n\n\n\n<div class=\"wp-block-uagb-team uagb-team__image-position-left uagb-team__align-left uagb-team__stack-tablet uagb-block-55b553f2\"><img decoding=\"async\" class=\"uagb-team__image-crop-circle\" src=\"https:\/\/www.supaffaires.com\/BTSblanctom\/wp-content\/uploads\/2025\/06\/images-1-150x150.jpeg\" alt=\"\" height=\"100\" width=\"100\" loading=\"lazy\"\/><div class=\"uagb-team__content\"><h3 class=\"uagb-team__title\">Jean<\/h3><span class=\"uagb-team__prefix\">Sp\u00e9cialiste confitures maison<\/span><p class=\"uagb-team__desc\">Jean est le sp\u00e9cialiste des confitures maison de <strong>La Caram\u00e8lerie<\/strong>. V\u00e9ritable artisan du go\u00fbt, il s\u00e9lectionne les meilleurs fruits de saison et les cuisine lentement pour pr\u00e9server toutes leurs saveurs. Avec son savoir-faire traditionnel et sa passion pour les recettes authentiques, Jean transforme chaque pot en un concentr\u00e9 de douceur et de gourmandise.<\/p><ul class=\"uagb-team__social-list\"><\/ul><\/div><\/div>\n\n\n\n<div class=\"wp-block-uagb-team uagb-team__image-position-left uagb-team__align-left uagb-team__stack-tablet uagb-block-b31fbbe1\"><img decoding=\"async\" class=\"uagb-team__image-crop-circle\" src=\"https:\/\/www.supaffaires.com\/BTSblanctom\/wp-content\/uploads\/2025\/06\/static-assets-upload16471341026410219637-150x150.webp\" alt=\"\" height=\"100\" width=\"100\" loading=\"lazy\"\/><div class=\"uagb-team__content\"><h3 class=\"uagb-team__title\">B\u00e9linda<\/h3><span class=\"uagb-team__prefix\">Elle a r\u00e9trouv\u00e9 les recettes authentiques  des biscuits breton <\/span><p class=\"uagb-team__desc\">B\u00e9linda est l\u2019\u00e2me cr\u00e9ative de <strong>La Caram\u00e8lerie<\/strong>. C\u2019est elle qui a imagin\u00e9 et perfectionn\u00e9 les recettes uniques qui font le succ\u00e8s de la maison. Curieuse et passionn\u00e9e, elle m\u00eale tradition et originalit\u00e9 pour cr\u00e9er des douceurs qui racontent une histoire. Gr\u00e2ce \u00e0 son talent, chaque caramel ou confiture est une exp\u00e9rience savoureuse et r\u00e9confortante.<\/p><\/div><\/div>\n\n\n\n<div class=\"wp-block-uagb-team uagb-team__image-position-left uagb-team__align-left uagb-team__stack-tablet uagb-block-34cf6daa\"><img decoding=\"async\" class=\"uagb-team__image-crop-circle\" src=\"https:\/\/www.supaffaires.com\/BTSblanctom\/wp-content\/uploads\/2025\/06\/images-2-150x150.jpeg\" alt=\"\" height=\"100\" width=\"100\" loading=\"lazy\"\/><div class=\"uagb-team__content\"><h3 class=\"uagb-team__title\">Lilou <\/h3><span class=\"uagb-team__prefix\">Gouteuse<\/span><p class=\"uagb-team__desc\">Lilou est la go\u00fbteuse officielle de <strong>La Caram\u00e8lerie<\/strong>. Avec son palais aff\u00fbt\u00e9 et son amour des bonnes choses, rien ne lui \u00e9chappe\u202f! Elle teste chaque cr\u00e9ation avec exigence et enthousiasme, garantissant des saveurs parfaitement \u00e9quilibr\u00e9es. Gr\u00e2ce \u00e0 Lilou, chaque gourmandise est valid\u00e9e avec c\u0153ur\u2026 et gourmandise.<\/p><\/div><\/div>\n\n\n\n<p>Nos engagements portent depuis toujours sur le choix de s\u2019approvisionner aupr\u00e8s de fournisseurs r\u00e9gionaux, sans jamais utiliser dans nos recettes de colorant, de conservateur, d\u2019additif.<\/p>\n\n\n\n<figure class=\"wp-block-video aligncenter\"><video height=\"720\" style=\"aspect-ratio: 1280 \/ 720;\" width=\"1280\" autoplay controls src=\"https:\/\/www.supaffaires.com\/BTSblanctom\/wp-content\/uploads\/2024\/12\/191429-890109730_medium.mp4\"><\/video><\/figure>\n\n\n\n<p>Maison Brieuc fabrique chaque jour depuis pr\u00e8s de 25 ans de savoureuses gourmandises bretonnes dans nos ateliers d&rsquo;Yffiniac. <\/p>\n\n\n\n<p>Nos p\u00e2tissiers, caram\u00e8liers et confituriers s&rsquo;investissent chaque jour avec passion, l\u2019amour du m\u00e9tier et des savoir-faire d\u2019antan pour vous offrir le meilleur de la tradition culinaire bretonne.<\/p>\n\n\n\n<p>Authenticit\u00e9, simplicit\u00e9, proximit\u00e9 et sinc\u00e9rit\u00e9 sont au c\u0153ur de notre projet d\u2019entreprise. Nos ateliers vous sont ouverts toute l&rsquo;ann\u00e9e pour d\u00e9couvrir nos m\u00e9tiers et notre savoir-faire traditionnel.<\/p>\n\n\n\n<p><\/p>\n\n\n\n<p><\/p>\n\n\n\n<figure class=\"wp-block-image alignfull size-full\"><img loading=\"lazy\" decoding=\"async\" width=\"733\" height=\"450\" src=\"https:\/\/www.supaffaires.com\/BTSblanctom\/wp-content\/uploads\/2025\/03\/usine.png\" alt=\"\" class=\"wp-image-193\" srcset=\"https:\/\/www.supaffaires.com\/BTSblanctom\/wp-content\/uploads\/2025\/03\/usine.png 733w, https:\/\/www.supaffaires.com\/BTSblanctom\/wp-content\/uploads\/2025\/03\/usine-300x184.png 300w\" sizes=\"auto, (max-width: 733px) 100vw, 733px\" \/><\/figure>\n\n\n\n<p><\/p>\n\n\n\n<div class=\"wp-block-uagb-testimonial uagb-slick-carousel uagb-tm__arrow-outside uagb-block-bc097fc1 uagb-post__carousel_notset uagb-post__carousel_notset-tablet uagb-post__carousel_notset-mobile\"><div class=\"is-carousel uagb-tm__columns-1 uagb-tm__items\"><div class=\"uagb-testimonial__wrap  uagb-tm__imgicon-style-circle uagb-tm__image-position-bottom uagb-tm__bg-type-none \"><div class=\"uagb-tm__content\"><div class=\"uagb-tm__overlay\"><\/div><div class=\"uagb-tm__text-wrap\"><div class=\"uagb-tm__desc\">IJ\u2019ai d\u00e9couvert ces biscuits un peu par hasard\u2026 et maintenant je ne peux plus m\u2019en passer ! Le go\u00fbt est incroyable, on sent que c\u2019est fait avec de vrais bons ingr\u00e9dients, sans triche. Mention sp\u00e9ciale pour les sabl\u00e9s au citron \u2014 croustillants, fondants, juste parfaits. En plus, j\u2019adore savoir d\u2019o\u00f9 viennent les mati\u00e8res premi\u00e8res, \u00e7a change tout. Bravo \u00e0 l\u2019\u00e9quipe !\u00a0<\/div><div class=\"uagb-tm__meta-inner\"><div class=\"uagb-tm__image-content\"><div class=\"uagb-tm__image\"><img decoding=\"async\" class=\"uagb-tm-img-src\" src=\"https:\/\/www.supaffaires.com\/BTSblanctom\/wp-content\/uploads\/2025\/04\/ingredient-simple-150x150.webp\" alt=\"\" width=\"60\" height=\"60\" loading=\"lazy\"\/><\/div><\/div><div class=\"uagb-testimonial-details\"><span class=\"uagb-tm__author-name\">Johny Cadillac<\/span><span class=\"uagb-tm__company\"><\/span><\/div><\/div><\/div><\/div><\/div><\/div><\/div>\n\n\n\n<p><\/p>\n","protected":false},"excerpt":{"rendered":"<p>Implant\u00e9e au c\u0153ur de la Baie de Saint-Brieuc en Bretagne, notre biscuiterie bretonne fabrique une large gamme de biscuits et g\u00e2teaux bretons, caramels et confitures. L&rsquo;Equipe Nos engagements portent depuis toujours sur le choix de s\u2019approvisionner aupr\u00e8s de fournisseurs r\u00e9gionaux, sans jamais utiliser dans nos recettes de colorant, de conservateur, d\u2019additif. Maison Brieuc fabrique chaque [&hellip;]<\/p>\n","protected":false},"author":1,"featured_media":0,"parent":0,"menu_order":0,"comment_status":"closed","ping_status":"closed","template":"","meta":{"_uag_custom_page_level_css":"","site-sidebar-layout":"default","site-content-layout":"","ast-site-content-layout":"","site-content-style":"default","site-sidebar-style":"default","ast-global-header-display":"","ast-banner-title-visibility":"","ast-main-header-display":"","ast-hfb-above-header-display":"","ast-hfb-below-header-display":"","ast-hfb-mobile-header-display":"","site-post-title":"","ast-breadcrumbs-content":"","ast-featured-img":"","footer-sml-layout":"","theme-transparent-header-meta":"","adv-header-id-meta":"","stick-header-meta":"","header-above-stick-meta":"","header-main-stick-meta":"","header-below-stick-meta":"","astra-migrate-meta-layouts":"default","ast-page-background-enabled":"default","ast-page-background-meta":{"desktop":{"background-color":"var(--ast-global-color-4)","background-image":"","background-repeat":"repeat","background-position":"center center","background-size":"auto","background-attachment":"scroll","background-type":"","background-media":"","overlay-type":"","overlay-color":"","overlay-opacity":"","overlay-gradient":""},"tablet":{"background-color":"","background-image":"","background-repeat":"repeat","background-position":"center center","background-size":"auto","background-attachment":"scroll","background-type":"","background-media":"","overlay-type":"","overlay-color":"","overlay-opacity":"","overlay-gradient":""},"mobile":{"background-color":"","background-image":"","background-repeat":"repeat","background-position":"center center","background-size":"auto","background-attachment":"scroll","background-type":"","background-media":"","overlay-type":"","overlay-color":"","overlay-opacity":"","overlay-gradient":""}},"ast-content-background-meta":{"desktop":{"background-color":"var(--ast-global-color-5)","background-image":"","background-repeat":"repeat","background-position":"center center","background-size":"auto","background-attachment":"scroll","background-type":"","background-media":"","overlay-type":"","overlay-color":"","overlay-opacity":"","overlay-gradient":""},"tablet":{"background-color":"var(--ast-global-color-5)","background-image":"","background-repeat":"repeat","background-position":"center center","background-size":"auto","background-attachment":"scroll","background-type":"","background-media":"","overlay-type":"","overlay-color":"","overlay-opacity":"","overlay-gradient":""},"mobile":{"background-color":"var(--ast-global-color-5)","background-image":"","background-repeat":"repeat","background-position":"center center","background-size":"auto","background-attachment":"scroll","background-type":"","background-media":"","overlay-type":"","overlay-color":"","overlay-opacity":"","overlay-gradient":""}},"footnotes":""},"class_list":["post-43","page","type-page","status-publish","hentry"],"yoast_head":"<!-- This site is optimized with the Yoast SEO plugin v27.6 - https:\/\/yoast.com\/product\/yoast-seo-wordpress\/ -->\n<title>Accueil -<\/title>\n<meta name=\"robots\" content=\"index, follow, max-snippet:-1, max-image-preview:large, max-video-preview:-1\" \/>\n<link rel=\"canonical\" href=\"https:\/\/www.supaffaires.com\/BTSblanctom\/\" \/>\n<meta property=\"og:locale\" content=\"fr_FR\" \/>\n<meta property=\"og:type\" content=\"article\" \/>\n<meta property=\"og:title\" content=\"Accueil -\" \/>\n<meta property=\"og:description\" content=\"Implant\u00e9e au c\u0153ur de la Baie de Saint-Brieuc en Bretagne, notre biscuiterie bretonne fabrique une large gamme de biscuits et g\u00e2teaux bretons, caramels et confitures. L&rsquo;Equipe Nos engagements portent depuis toujours sur le choix de s\u2019approvisionner aupr\u00e8s de fournisseurs r\u00e9gionaux, sans jamais utiliser dans nos recettes de colorant, de conservateur, d\u2019additif. Maison Brieuc fabrique chaque [&hellip;]\" \/>\n<meta property=\"og:url\" content=\"https:\/\/www.supaffaires.com\/BTSblanctom\/\" \/>\n<meta property=\"article:modified_time\" content=\"2025-06-03T13:29:04+00:00\" \/>\n<meta property=\"og:image\" content=\"https:\/\/www.supaffaires.com\/BTSblanctom\/wp-content\/uploads\/2025\/06\/images-150x150.jpeg\" \/>\n<meta name=\"twitter:card\" content=\"summary_large_image\" \/>\n<meta name=\"twitter:label1\" content=\"Dur\u00e9e de lecture estim\u00e9e\" \/>\n\t<meta name=\"twitter:data1\" content=\"4 minutes\" \/>\n<script type=\"application\/ld+json\" class=\"yoast-schema-graph\">{\"@context\":\"https:\\\/\\\/schema.org\",\"@graph\":[{\"@type\":\"WebPage\",\"@id\":\"https:\\\/\\\/www.supaffaires.com\\\/BTSblanctom\\\/\",\"url\":\"https:\\\/\\\/www.supaffaires.com\\\/BTSblanctom\\\/\",\"name\":\"Accueil -\",\"isPartOf\":{\"@id\":\"https:\\\/\\\/www.supaffaires.com\\\/BTSblanctom\\\/#website\"},\"primaryImageOfPage\":{\"@id\":\"https:\\\/\\\/www.supaffaires.com\\\/BTSblanctom\\\/#primaryimage\"},\"image\":{\"@id\":\"https:\\\/\\\/www.supaffaires.com\\\/BTSblanctom\\\/#primaryimage\"},\"thumbnailUrl\":\"https:\\\/\\\/www.supaffaires.com\\\/BTSblanctom\\\/wp-content\\\/uploads\\\/2025\\\/06\\\/images-150x150.jpeg\",\"datePublished\":\"2024-11-18T20:04:59+00:00\",\"dateModified\":\"2025-06-03T13:29:04+00:00\",\"breadcrumb\":{\"@id\":\"https:\\\/\\\/www.supaffaires.com\\\/BTSblanctom\\\/#breadcrumb\"},\"inLanguage\":\"fr-FR\",\"potentialAction\":[{\"@type\":\"ReadAction\",\"target\":[\"https:\\\/\\\/www.supaffaires.com\\\/BTSblanctom\\\/\"]}]},{\"@type\":\"ImageObject\",\"inLanguage\":\"fr-FR\",\"@id\":\"https:\\\/\\\/www.supaffaires.com\\\/BTSblanctom\\\/#primaryimage\",\"url\":\"https:\\\/\\\/www.supaffaires.com\\\/BTSblanctom\\\/wp-content\\\/uploads\\\/2025\\\/06\\\/images-150x150.jpeg\",\"contentUrl\":\"https:\\\/\\\/www.supaffaires.com\\\/BTSblanctom\\\/wp-content\\\/uploads\\\/2025\\\/06\\\/images-150x150.jpeg\"},{\"@type\":\"BreadcrumbList\",\"@id\":\"https:\\\/\\\/www.supaffaires.com\\\/BTSblanctom\\\/#breadcrumb\",\"itemListElement\":[{\"@type\":\"ListItem\",\"position\":1,\"name\":\"Accueil\",\"item\":\"https:\\\/\\\/www.supaffaires.com\\\/BTSblanctom\\\/\"},{\"@type\":\"ListItem\",\"position\":2,\"name\":\"Accueil\"}]},{\"@type\":\"WebSite\",\"@id\":\"https:\\\/\\\/www.supaffaires.com\\\/BTSblanctom\\\/#website\",\"url\":\"https:\\\/\\\/www.supaffaires.com\\\/BTSblanctom\\\/\",\"name\":\"\",\"description\":\"Biscuiterie Caramelerie et confiturerie bretonne\",\"potentialAction\":[{\"@type\":\"SearchAction\",\"target\":{\"@type\":\"EntryPoint\",\"urlTemplate\":\"https:\\\/\\\/www.supaffaires.com\\\/BTSblanctom\\\/?s={search_term_string}\"},\"query-input\":{\"@type\":\"PropertyValueSpecification\",\"valueRequired\":true,\"valueName\":\"search_term_string\"}}],\"inLanguage\":\"fr-FR\"}]}<\/script>\n<!-- \/ Yoast SEO plugin. -->","yoast_head_json":{"title":"Accueil -","robots":{"index":"index","follow":"follow","max-snippet":"max-snippet:-1","max-image-preview":"max-image-preview:large","max-video-preview":"max-video-preview:-1"},"canonical":"https:\/\/www.supaffaires.com\/BTSblanctom\/","og_locale":"fr_FR","og_type":"article","og_title":"Accueil -","og_description":"Implant\u00e9e au c\u0153ur de la Baie de Saint-Brieuc en Bretagne, notre biscuiterie bretonne fabrique une large gamme de biscuits et g\u00e2teaux bretons, caramels et confitures. L&rsquo;Equipe Nos engagements portent depuis toujours sur le choix de s\u2019approvisionner aupr\u00e8s de fournisseurs r\u00e9gionaux, sans jamais utiliser dans nos recettes de colorant, de conservateur, d\u2019additif. Maison Brieuc fabrique chaque [&hellip;]","og_url":"https:\/\/www.supaffaires.com\/BTSblanctom\/","article_modified_time":"2025-06-03T13:29:04+00:00","og_image":[{"url":"https:\/\/www.supaffaires.com\/BTSblanctom\/wp-content\/uploads\/2025\/06\/images-150x150.jpeg","type":"","width":"","height":""}],"twitter_card":"summary_large_image","twitter_misc":{"Dur\u00e9e de lecture estim\u00e9e":"4 minutes"},"schema":{"@context":"https:\/\/schema.org","@graph":[{"@type":"WebPage","@id":"https:\/\/www.supaffaires.com\/BTSblanctom\/","url":"https:\/\/www.supaffaires.com\/BTSblanctom\/","name":"Accueil -","isPartOf":{"@id":"https:\/\/www.supaffaires.com\/BTSblanctom\/#website"},"primaryImageOfPage":{"@id":"https:\/\/www.supaffaires.com\/BTSblanctom\/#primaryimage"},"image":{"@id":"https:\/\/www.supaffaires.com\/BTSblanctom\/#primaryimage"},"thumbnailUrl":"https:\/\/www.supaffaires.com\/BTSblanctom\/wp-content\/uploads\/2025\/06\/images-150x150.jpeg","datePublished":"2024-11-18T20:04:59+00:00","dateModified":"2025-06-03T13:29:04+00:00","breadcrumb":{"@id":"https:\/\/www.supaffaires.com\/BTSblanctom\/#breadcrumb"},"inLanguage":"fr-FR","potentialAction":[{"@type":"ReadAction","target":["https:\/\/www.supaffaires.com\/BTSblanctom\/"]}]},{"@type":"ImageObject","inLanguage":"fr-FR","@id":"https:\/\/www.supaffaires.com\/BTSblanctom\/#primaryimage","url":"https:\/\/www.supaffaires.com\/BTSblanctom\/wp-content\/uploads\/2025\/06\/images-150x150.jpeg","contentUrl":"https:\/\/www.supaffaires.com\/BTSblanctom\/wp-content\/uploads\/2025\/06\/images-150x150.jpeg"},{"@type":"BreadcrumbList","@id":"https:\/\/www.supaffaires.com\/BTSblanctom\/#breadcrumb","itemListElement":[{"@type":"ListItem","position":1,"name":"Accueil","item":"https:\/\/www.supaffaires.com\/BTSblanctom\/"},{"@type":"ListItem","position":2,"name":"Accueil"}]},{"@type":"WebSite","@id":"https:\/\/www.supaffaires.com\/BTSblanctom\/#website","url":"https:\/\/www.supaffaires.com\/BTSblanctom\/","name":"","description":"Biscuiterie Caramelerie et confiturerie bretonne","potentialAction":[{"@type":"SearchAction","target":{"@type":"EntryPoint","urlTemplate":"https:\/\/www.supaffaires.com\/BTSblanctom\/?s={search_term_string}"},"query-input":{"@type":"PropertyValueSpecification","valueRequired":true,"valueName":"search_term_string"}}],"inLanguage":"fr-FR"}]}},"uagb_featured_image_src":{"full":false,"thumbnail":false,"medium":false,"medium_large":false,"large":false,"1536x1536":false,"2048x2048":false},"uagb_author_info":{"display_name":"etudiant","author_link":"https:\/\/www.supaffaires.com\/BTSblanctom\/author\/etudiant\/"},"uagb_comment_info":0,"uagb_excerpt":"Implant\u00e9e au c\u0153ur de la Baie de Saint-Brieuc en Bretagne, notre biscuiterie bretonne fabrique une large gamme de biscuits et g\u00e2teaux bretons, caramels et confitures. L&rsquo;Equipe Nos engagements portent depuis toujours sur le choix de s\u2019approvisionner aupr\u00e8s de fournisseurs r\u00e9gionaux, sans jamais utiliser dans nos recettes de colorant, de conservateur, d\u2019additif. Maison Brieuc fabrique chaque\u2026","_links":{"self":[{"href":"https:\/\/www.supaffaires.com\/BTSblanctom\/wp-json\/wp\/v2\/pages\/43","targetHints":{"allow":["GET"]}}],"collection":[{"href":"https:\/\/www.supaffaires.com\/BTSblanctom\/wp-json\/wp\/v2\/pages"}],"about":[{"href":"https:\/\/www.supaffaires.com\/BTSblanctom\/wp-json\/wp\/v2\/types\/page"}],"author":[{"embeddable":true,"href":"https:\/\/www.supaffaires.com\/BTSblanctom\/wp-json\/wp\/v2\/users\/1"}],"replies":[{"embeddable":true,"href":"https:\/\/www.supaffaires.com\/BTSblanctom\/wp-json\/wp\/v2\/comments?post=43"}],"version-history":[{"count":12,"href":"https:\/\/www.supaffaires.com\/BTSblanctom\/wp-json\/wp\/v2\/pages\/43\/revisions"}],"predecessor-version":[{"id":328,"href":"https:\/\/www.supaffaires.com\/BTSblanctom\/wp-json\/wp\/v2\/pages\/43\/revisions\/328"}],"wp:attachment":[{"href":"https:\/\/www.supaffaires.com\/BTSblanctom\/wp-json\/wp\/v2\/media?parent=43"}],"curies":[{"name":"wp","href":"https:\/\/api.w.org\/{rel}","templated":true}]}}