{"id":153,"date":"2024-11-20T18:44:08","date_gmt":"2024-11-20T18:44:08","guid":{"rendered":"https:\/\/www.supaffaires.com\/Cl%C3%A9mentWP2\/?page_id=153"},"modified":"2024-11-21T07:40:44","modified_gmt":"2024-11-21T07:40:44","slug":"a-propos","status":"publish","type":"page","link":"https:\/\/www.supaffaires.com\/Cl%C3%A9mentWP2\/index.php\/a-propos\/","title":{"rendered":"A propos"},"content":{"rendered":"\n<h4 class=\"wp-block-heading has-ast-global-color-3-color has-text-color has-link-color wp-elements-75c8ceb19e21e0f7e5bf9223af859ed4\">Bienvenue sur <strong>Vent <strong>&amp;<\/strong> Voile<\/strong>s !<\/h4>\n\n\n\n<div class=\"wp-block-media-text is-stacked-on-mobile\" style=\"grid-template-columns:21% auto\"><figure class=\"wp-block-media-text__media\"><img loading=\"lazy\" decoding=\"async\" width=\"316\" height=\"373\" src=\"https:\/\/www.supaffaires.com\/Cl%C3%A9mentWP2\/wp-content\/uploads\/2024\/11\/Image-Voilier.png\" alt=\"\" class=\"wp-image-155 size-full\" srcset=\"https:\/\/www.supaffaires.com\/Cl%C3%A9mentWP2\/wp-content\/uploads\/2024\/11\/Image-Voilier.png 316w, https:\/\/www.supaffaires.com\/Cl%C3%A9mentWP2\/wp-content\/uploads\/2024\/11\/Image-Voilier-254x300.png 254w\" sizes=\"auto, (max-width: 316px) 100vw, 316px\" \/><\/figure><div class=\"wp-block-media-text__content\">\n<p class=\"has-ast-global-color-0-color has-text-color has-link-color has-medium-font-size wp-elements-e24574d83d0b7333c6ca0d3ce4f58abb\">Votre destination en ligne pour tout ce qui touche \u00e0 l&rsquo;univers de la voile et de la navigation !<\/p>\n\n\n\n<p class=\"has-ast-global-color-0-color has-text-color has-link-color has-medium-font-size wp-elements-eba7a880ad3470e0960c45bd980e3a78\">Passionn\u00e9s par la mer, le vent et les grands espaces, nous avons cr\u00e9\u00e9 <strong>Vent &amp; Voiles<\/strong> pour accompagner tous les amoureux de la navigation, qu&rsquo;ils soient marins aguerris ou novices en qu\u00eate d&rsquo;aventure.<\/p>\n\n\n\n<p class=\"has-ast-global-color-0-color has-text-color has-link-color has-medium-font-size wp-elements-08e7cc80950a1828641a5f86947100e2\">Ici, nous mettons \u00e0 l&rsquo;honneur des voiles de qualit\u00e9, con\u00e7ues pour r\u00e9pondre aux besoins des plaisanciers, r\u00e9gatiers et aventuriers des oc\u00e9ans.<\/p>\n<\/div><\/div>\n\n\n\n<p class=\"has-ast-global-color-0-color has-text-color has-link-color has-medium-font-size wp-elements-635f438d39647a1344902df4aed3cc60\"><\/p>\n\n\n\n<h4 class=\"wp-block-heading has-ast-global-color-1-color has-text-color has-link-color wp-elements-3edeaba79a6171124a95262d86a769ac\">Notre mission : Vous faire voguer plus loin !<\/h4>\n\n\n\n<p class=\"has-ast-global-color-0-color has-text-color has-link-color has-medium-font-size wp-elements-baa2fa7ab82b884844826588605deb8b\">Chez <strong>Vent &amp; Voiles<\/strong>, nous savons que chaque bateau et chaque skipper a des besoins uniques. C&rsquo;est pourquoi nous proposons une gamme compl\u00e8te de voiles adapt\u00e9es \u00e0 toutes les embarcations : de la grand-voile performante \u00e0 l\u2019\u00e9l\u00e9gant g\u00e9nois, en passant par les spis color\u00e9s pour les amateurs de vitesse.<\/p>\n\n\n\n<p class=\"has-ast-global-color-0-color has-text-color has-link-color has-medium-font-size wp-elements-29b6a6ff38d080263361dfba0d985546\">Nous travaillons avec des voileries et des artisans exp\u00e9riment\u00e9s pour vous offrir des produits robustes, durables et parfaitement adapt\u00e9s aux conditions marines. Que vous naviguiez sur un lac paisible, en haute mer ou en r\u00e9gate, nous sommes l\u00e0 pour vous \u00e9quiper et vous conseiller.<\/p>\n\n\n\n<h4 class=\"wp-block-heading has-ast-global-color-1-color has-text-color has-link-color wp-elements-a623436901f3a0784d69041773ee88b6\">Laissez le vent vous guider !<\/h4>\n\n\n\n<p class=\"has-ast-global-color-0-color has-text-color has-link-color has-medium-font-size wp-elements-cb081571ab3ac14865024dbe0410fc15\">Nous croyons que chaque marin m\u00e9rite des voiles fiables et performantes pour vivre pleinement sa passion. Alors, hissez les voiles avec nous et partez \u00e0 la conqu\u00eate de nouveaux horizons !<\/p>\n\n\n\n<p class=\"has-ast-global-color-0-color has-text-color has-link-color has-medium-font-size wp-elements-131736e00c0e1a65a849e8936f9248a7\">Rejoignez notre communaut\u00e9 &#8230; Partagez votre passion, suivez nos actualit\u00e9s et d\u00e9couvrez des conseils techniques sur notre blog !<\/p>\n\n\n\n<div class=\"wp-block-buttons is-content-justification-center is-layout-flex wp-container-core-buttons-is-layout-a89b3969 wp-block-buttons-is-layout-flex\">\n<div class=\"wp-block-button\"><a class=\"wp-block-button__link wp-element-button\" href=\"https:\/\/www.supaffaires.com\/Cl%C3%A9mentWP2\/index.php\/blog\/\">Blog<\/a><\/div>\n<\/div>\n\n\n\n<p><\/p>\n","protected":false},"excerpt":{"rendered":"<p>Bienvenue sur Vent &amp; Voiles ! Votre destination en ligne pour tout ce qui touche \u00e0 l&rsquo;univers de la voile et de la navigation ! Passionn\u00e9s par la mer, le vent et les grands espaces, nous avons cr\u00e9\u00e9 Vent &amp; Voiles pour accompagner tous les amoureux de la navigation, qu&rsquo;ils soient marins aguerris ou novices &hellip;<\/p>\n<p class=\"read-more\"> <a class=\"\" href=\"https:\/\/www.supaffaires.com\/Cl%C3%A9mentWP2\/index.php\/a-propos\/\"> <span class=\"screen-reader-text\">A propos<\/span> Lire la suite\u00a0\u00bb<\/a><\/p>\n","protected":false},"author":1,"featured_media":0,"parent":0,"menu_order":0,"comment_status":"closed","ping_status":"closed","template":"","meta":{"_uag_custom_page_level_css":"","site-sidebar-layout":"default","site-content-layout":"","ast-site-content-layout":"","site-content-style":"default","site-sidebar-style":"default","ast-global-header-display":"","ast-banner-title-visibility":"","ast-main-header-display":"","ast-hfb-above-header-display":"","ast-hfb-below-header-display":"","ast-hfb-mobile-header-display":"","site-post-title":"","ast-breadcrumbs-content":"","ast-featured-img":"","footer-sml-layout":"","theme-transparent-header-meta":"","adv-header-id-meta":"","stick-header-meta":"","header-above-stick-meta":"","header-main-stick-meta":"","header-below-stick-meta":"","astra-migrate-meta-layouts":"","footnotes":""},"class_list":["post-153","page","type-page","status-publish","hentry"],"yoast_head":"<!-- This site is optimized with the Yoast SEO plugin v27.6 - https:\/\/yoast.com\/product\/yoast-seo-wordpress\/ -->\n<title>A propos -<\/title>\n<meta name=\"robots\" content=\"index, follow, max-snippet:-1, max-image-preview:large, max-video-preview:-1\" \/>\n<link rel=\"canonical\" href=\"https:\/\/www.supaffaires.com\/Cl\u00e9mentWP2\/\" \/>\n<meta property=\"og:locale\" content=\"fr_FR\" \/>\n<meta property=\"og:type\" content=\"article\" \/>\n<meta property=\"og:title\" content=\"A propos -\" \/>\n<meta property=\"og:description\" content=\"Bienvenue sur Vent &amp; Voiles ! Votre destination en ligne pour tout ce qui touche \u00e0 l&rsquo;univers de la voile et de la navigation ! Passionn\u00e9s par la mer, le vent et les grands espaces, nous avons cr\u00e9\u00e9 Vent &amp; Voiles pour accompagner tous les amoureux de la navigation, qu&rsquo;ils soient marins aguerris ou novices &hellip; A propos Lire la suite\u00a0\u00bb\" \/>\n<meta property=\"og:url\" content=\"https:\/\/www.supaffaires.com\/Cl\u00e9mentWP2\/\" \/>\n<meta property=\"article:modified_time\" content=\"2024-11-21T07:40:44+00:00\" \/>\n<meta property=\"og:image\" content=\"https:\/\/www.supaffaires.com\/Cl%C3%A9mentWP2\/wp-content\/uploads\/2024\/11\/Image-Voilier.png\" \/>\n<meta name=\"twitter:card\" content=\"summary_large_image\" \/>\n<meta name=\"twitter:label1\" content=\"Dur\u00e9e de lecture estim\u00e9e\" \/>\n\t<meta name=\"twitter:data1\" content=\"2 minutes\" \/>\n<script type=\"application\/ld+json\" class=\"yoast-schema-graph\">{\"@context\":\"https:\\\/\\\/schema.org\",\"@graph\":[{\"@type\":\"WebPage\",\"@id\":\"https:\\\/\\\/www.supaffaires.com\\\/Cl%C3%A9mentWP2\\\/\",\"url\":\"https:\\\/\\\/www.supaffaires.com\\\/Cl%C3%A9mentWP2\\\/\",\"name\":\"A propos -\",\"isPartOf\":{\"@id\":\"https:\\\/\\\/www.supaffaires.com\\\/Cl%C3%A9mentWP2\\\/#website\"},\"primaryImageOfPage\":{\"@id\":\"https:\\\/\\\/www.supaffaires.com\\\/Cl%C3%A9mentWP2\\\/#primaryimage\"},\"image\":{\"@id\":\"https:\\\/\\\/www.supaffaires.com\\\/Cl%C3%A9mentWP2\\\/#primaryimage\"},\"thumbnailUrl\":\"https:\\\/\\\/www.supaffaires.com\\\/Cl%C3%A9mentWP2\\\/wp-content\\\/uploads\\\/2024\\\/11\\\/Image-Voilier.png\",\"datePublished\":\"2024-11-20T18:44:08+00:00\",\"dateModified\":\"2024-11-21T07:40:44+00:00\",\"breadcrumb\":{\"@id\":\"https:\\\/\\\/www.supaffaires.com\\\/Cl%C3%A9mentWP2\\\/#breadcrumb\"},\"inLanguage\":\"fr-FR\",\"potentialAction\":[{\"@type\":\"ReadAction\",\"target\":[\"https:\\\/\\\/www.supaffaires.com\\\/Cl%C3%A9mentWP2\\\/\"]}]},{\"@type\":\"ImageObject\",\"inLanguage\":\"fr-FR\",\"@id\":\"https:\\\/\\\/www.supaffaires.com\\\/Cl%C3%A9mentWP2\\\/#primaryimage\",\"url\":\"https:\\\/\\\/www.supaffaires.com\\\/Cl%C3%A9mentWP2\\\/wp-content\\\/uploads\\\/2024\\\/11\\\/Image-Voilier.png\",\"contentUrl\":\"https:\\\/\\\/www.supaffaires.com\\\/Cl%C3%A9mentWP2\\\/wp-content\\\/uploads\\\/2024\\\/11\\\/Image-Voilier.png\",\"width\":316,\"height\":373},{\"@type\":\"BreadcrumbList\",\"@id\":\"https:\\\/\\\/www.supaffaires.com\\\/Cl%C3%A9mentWP2\\\/#breadcrumb\",\"itemListElement\":[{\"@type\":\"ListItem\",\"position\":1,\"name\":\"Accueil\",\"item\":\"https:\\\/\\\/www.supaffaires.com\\\/Cl%C3%A9mentWP2\\\/\"},{\"@type\":\"ListItem\",\"position\":2,\"name\":\"A propos\"}]},{\"@type\":\"WebSite\",\"@id\":\"https:\\\/\\\/www.supaffaires.com\\\/Cl%C3%A9mentWP2\\\/#website\",\"url\":\"https:\\\/\\\/www.supaffaires.com\\\/Cl%C3%A9mentWP2\\\/\",\"name\":\"\",\"description\":\"Naviguez l\u00e9ger au fil du vent !\",\"potentialAction\":[{\"@type\":\"SearchAction\",\"target\":{\"@type\":\"EntryPoint\",\"urlTemplate\":\"https:\\\/\\\/www.supaffaires.com\\\/Cl%C3%A9mentWP2\\\/?s={search_term_string}\"},\"query-input\":{\"@type\":\"PropertyValueSpecification\",\"valueRequired\":true,\"valueName\":\"search_term_string\"}}],\"inLanguage\":\"fr-FR\"}]}<\/script>\n<!-- \/ Yoast SEO plugin. -->","yoast_head_json":{"title":"A propos -","robots":{"index":"index","follow":"follow","max-snippet":"max-snippet:-1","max-image-preview":"max-image-preview:large","max-video-preview":"max-video-preview:-1"},"canonical":"https:\/\/www.supaffaires.com\/Cl\u00e9mentWP2\/","og_locale":"fr_FR","og_type":"article","og_title":"A propos -","og_description":"Bienvenue sur Vent &amp; Voiles ! Votre destination en ligne pour tout ce qui touche \u00e0 l&rsquo;univers de la voile et de la navigation ! Passionn\u00e9s par la mer, le vent et les grands espaces, nous avons cr\u00e9\u00e9 Vent &amp; Voiles pour accompagner tous les amoureux de la navigation, qu&rsquo;ils soient marins aguerris ou novices &hellip; A propos Lire la suite\u00a0\u00bb","og_url":"https:\/\/www.supaffaires.com\/Cl\u00e9mentWP2\/","article_modified_time":"2024-11-21T07:40:44+00:00","og_image":[{"url":"https:\/\/www.supaffaires.com\/Cl%C3%A9mentWP2\/wp-content\/uploads\/2024\/11\/Image-Voilier.png","type":"","width":"","height":""}],"twitter_card":"summary_large_image","twitter_misc":{"Dur\u00e9e de lecture estim\u00e9e":"2 minutes"},"schema":{"@context":"https:\/\/schema.org","@graph":[{"@type":"WebPage","@id":"https:\/\/www.supaffaires.com\/Cl%C3%A9mentWP2\/","url":"https:\/\/www.supaffaires.com\/Cl%C3%A9mentWP2\/","name":"A propos -","isPartOf":{"@id":"https:\/\/www.supaffaires.com\/Cl%C3%A9mentWP2\/#website"},"primaryImageOfPage":{"@id":"https:\/\/www.supaffaires.com\/Cl%C3%A9mentWP2\/#primaryimage"},"image":{"@id":"https:\/\/www.supaffaires.com\/Cl%C3%A9mentWP2\/#primaryimage"},"thumbnailUrl":"https:\/\/www.supaffaires.com\/Cl%C3%A9mentWP2\/wp-content\/uploads\/2024\/11\/Image-Voilier.png","datePublished":"2024-11-20T18:44:08+00:00","dateModified":"2024-11-21T07:40:44+00:00","breadcrumb":{"@id":"https:\/\/www.supaffaires.com\/Cl%C3%A9mentWP2\/#breadcrumb"},"inLanguage":"fr-FR","potentialAction":[{"@type":"ReadAction","target":["https:\/\/www.supaffaires.com\/Cl%C3%A9mentWP2\/"]}]},{"@type":"ImageObject","inLanguage":"fr-FR","@id":"https:\/\/www.supaffaires.com\/Cl%C3%A9mentWP2\/#primaryimage","url":"https:\/\/www.supaffaires.com\/Cl%C3%A9mentWP2\/wp-content\/uploads\/2024\/11\/Image-Voilier.png","contentUrl":"https:\/\/www.supaffaires.com\/Cl%C3%A9mentWP2\/wp-content\/uploads\/2024\/11\/Image-Voilier.png","width":316,"height":373},{"@type":"BreadcrumbList","@id":"https:\/\/www.supaffaires.com\/Cl%C3%A9mentWP2\/#breadcrumb","itemListElement":[{"@type":"ListItem","position":1,"name":"Accueil","item":"https:\/\/www.supaffaires.com\/Cl%C3%A9mentWP2\/"},{"@type":"ListItem","position":2,"name":"A propos"}]},{"@type":"WebSite","@id":"https:\/\/www.supaffaires.com\/Cl%C3%A9mentWP2\/#website","url":"https:\/\/www.supaffaires.com\/Cl%C3%A9mentWP2\/","name":"","description":"Naviguez l\u00e9ger au fil du vent !","potentialAction":[{"@type":"SearchAction","target":{"@type":"EntryPoint","urlTemplate":"https:\/\/www.supaffaires.com\/Cl%C3%A9mentWP2\/?s={search_term_string}"},"query-input":{"@type":"PropertyValueSpecification","valueRequired":true,"valueName":"search_term_string"}}],"inLanguage":"fr-FR"}]}},"uagb_featured_image_src":{"full":false,"thumbnail":false,"medium":false,"medium_large":false,"large":false,"1536x1536":false,"2048x2048":false},"uagb_author_info":{"display_name":"etudiant","author_link":"https:\/\/www.supaffaires.com\/Cl%C3%A9mentWP2\/index.php\/author\/etudiant\/"},"uagb_comment_info":0,"uagb_excerpt":"Bienvenue sur Vent &amp; Voiles ! Votre destination en ligne pour tout ce qui touche \u00e0 l&rsquo;univers de la voile et de la navigation ! Passionn\u00e9s par la mer, le vent et les grands espaces, nous avons cr\u00e9\u00e9 Vent &amp; Voiles pour accompagner tous les amoureux de la navigation, qu&rsquo;ils soient marins aguerris ou novices\u2026","_links":{"self":[{"href":"https:\/\/www.supaffaires.com\/Cl%C3%A9mentWP2\/index.php\/wp-json\/wp\/v2\/pages\/153","targetHints":{"allow":["GET"]}}],"collection":[{"href":"https:\/\/www.supaffaires.com\/Cl%C3%A9mentWP2\/index.php\/wp-json\/wp\/v2\/pages"}],"about":[{"href":"https:\/\/www.supaffaires.com\/Cl%C3%A9mentWP2\/index.php\/wp-json\/wp\/v2\/types\/page"}],"author":[{"embeddable":true,"href":"https:\/\/www.supaffaires.com\/Cl%C3%A9mentWP2\/index.php\/wp-json\/wp\/v2\/users\/1"}],"replies":[{"embeddable":true,"href":"https:\/\/www.supaffaires.com\/Cl%C3%A9mentWP2\/index.php\/wp-json\/wp\/v2\/comments?post=153"}],"version-history":[{"count":4,"href":"https:\/\/www.supaffaires.com\/Cl%C3%A9mentWP2\/index.php\/wp-json\/wp\/v2\/pages\/153\/revisions"}],"predecessor-version":[{"id":200,"href":"https:\/\/www.supaffaires.com\/Cl%C3%A9mentWP2\/index.php\/wp-json\/wp\/v2\/pages\/153\/revisions\/200"}],"wp:attachment":[{"href":"https:\/\/www.supaffaires.com\/Cl%C3%A9mentWP2\/index.php\/wp-json\/wp\/v2\/media?parent=153"}],"curies":[{"name":"wp","href":"https:\/\/api.w.org\/{rel}","templated":true}]}}