{"id":173,"date":"2024-11-20T19:19:43","date_gmt":"2024-11-20T19:19:43","guid":{"rendered":"https:\/\/www.supaffaires.com\/Cl%C3%A9mentWP2\/?page_id=173"},"modified":"2025-05-21T16:21:18","modified_gmt":"2025-05-21T16:21:18","slug":"blog","status":"publish","type":"page","link":"https:\/\/www.supaffaires.com\/Cl%C3%A9mentWP2\/index.php\/blog\/","title":{"rendered":"Blog"},"content":{"rendered":"\n<h5 class=\"wp-block-heading\">Rejoignez notre communaut\u00e9 et profitez de ce blog pour \u00e9changer !<\/h5>\n\n\n\n<p><\/p>\n","protected":false},"excerpt":{"rendered":"<p>Rejoignez notre communaut\u00e9 et profitez de ce blog pour \u00e9changer !<\/p>\n","protected":false},"author":1,"featured_media":0,"parent":0,"menu_order":0,"comment_status":"closed","ping_status":"closed","template":"","meta":{"_uag_custom_page_level_css":"","site-sidebar-layout":"default","site-content-layout":"","ast-site-content-layout":"","site-content-style":"default","site-sidebar-style":"default","ast-global-header-display":"","ast-banner-title-visibility":"","ast-main-header-display":"","ast-hfb-above-header-display":"","ast-hfb-below-header-display":"","ast-hfb-mobile-header-display":"","site-post-title":"","ast-breadcrumbs-content":"","ast-featured-img":"","footer-sml-layout":"","theme-transparent-header-meta":"","adv-header-id-meta":"","stick-header-meta":"","header-above-stick-meta":"","header-main-stick-meta":"","header-below-stick-meta":"","astra-migrate-meta-layouts":"","footnotes":""},"class_list":["post-173","page","type-page","status-publish","hentry"],"yoast_head":"<!-- This site is optimized with the Yoast SEO plugin v27.6 - https:\/\/yoast.com\/product\/yoast-seo-wordpress\/ -->\n<title>Blog -<\/title>\n<meta name=\"description\" content=\"N&#039;h\u00e9sitez pas \u00e0 consulter notre page Blog pour ne louper aucunes des actualit\u00e9s de votre site de voile pr\u00e9f\u00e9r\u00e9 !\" \/>\n<meta name=\"robots\" content=\"index, follow, max-snippet:-1, max-image-preview:large, max-video-preview:-1\" \/>\n<link rel=\"canonical\" href=\"https:\/\/www.supaffaires.com\/Cl\u00e9mentWP2\/index.php\/blog\/\" \/>\n<meta property=\"og:locale\" content=\"fr_FR\" \/>\n<meta property=\"og:type\" content=\"article\" \/>\n<meta property=\"og:title\" content=\"Blog -\" \/>\n<meta property=\"og:description\" content=\"N&#039;h\u00e9sitez pas \u00e0 consulter notre page Blog pour ne louper aucunes des actualit\u00e9s de votre site de voile pr\u00e9f\u00e9r\u00e9 !\" \/>\n<meta property=\"og:url\" content=\"https:\/\/www.supaffaires.com\/Cl\u00e9mentWP2\/index.php\/blog\/\" \/>\n<meta property=\"article:modified_time\" content=\"2025-05-21T16:21:18+00:00\" \/>\n<meta name=\"twitter:card\" content=\"summary_large_image\" \/>\n<meta name=\"twitter:label1\" content=\"Dur\u00e9e de lecture estim\u00e9e\" \/>\n\t<meta name=\"twitter:data1\" content=\"1 minute\" \/>\n<script type=\"application\/ld+json\" class=\"yoast-schema-graph\">{\"@context\":\"https:\\\/\\\/schema.org\",\"@graph\":[{\"@type\":\"WebPage\",\"@id\":\"https:\\\/\\\/www.supaffaires.com\\\/Cl%C3%A9mentWP2\\\/index.php\\\/blog\\\/\",\"url\":\"https:\\\/\\\/www.supaffaires.com\\\/Cl%C3%A9mentWP2\\\/index.php\\\/blog\\\/\",\"name\":\"Blog -\",\"isPartOf\":{\"@id\":\"https:\\\/\\\/www.supaffaires.com\\\/Cl%C3%A9mentWP2\\\/#website\"},\"datePublished\":\"2024-11-20T19:19:43+00:00\",\"dateModified\":\"2025-05-21T16:21:18+00:00\",\"description\":\"N'h\u00e9sitez pas \u00e0 consulter notre page Blog pour ne louper aucunes des actualit\u00e9s de votre site de voile pr\u00e9f\u00e9r\u00e9 !\",\"breadcrumb\":{\"@id\":\"https:\\\/\\\/www.supaffaires.com\\\/Cl%C3%A9mentWP2\\\/index.php\\\/blog\\\/#breadcrumb\"},\"inLanguage\":\"fr-FR\",\"potentialAction\":[{\"@type\":\"ReadAction\",\"target\":[\"https:\\\/\\\/www.supaffaires.com\\\/Cl%C3%A9mentWP2\\\/index.php\\\/blog\\\/\"]}]},{\"@type\":\"BreadcrumbList\",\"@id\":\"https:\\\/\\\/www.supaffaires.com\\\/Cl%C3%A9mentWP2\\\/index.php\\\/blog\\\/#breadcrumb\",\"itemListElement\":[{\"@type\":\"ListItem\",\"position\":1,\"name\":\"Accueil\",\"item\":\"https:\\\/\\\/www.supaffaires.com\\\/Cl%C3%A9mentWP2\\\/\"},{\"@type\":\"ListItem\",\"position\":2,\"name\":\"Blog\"}]},{\"@type\":\"WebSite\",\"@id\":\"https:\\\/\\\/www.supaffaires.com\\\/Cl%C3%A9mentWP2\\\/#website\",\"url\":\"https:\\\/\\\/www.supaffaires.com\\\/Cl%C3%A9mentWP2\\\/\",\"name\":\"\",\"description\":\"Naviguez l\u00e9ger au fil du vent !\",\"potentialAction\":[{\"@type\":\"SearchAction\",\"target\":{\"@type\":\"EntryPoint\",\"urlTemplate\":\"https:\\\/\\\/www.supaffaires.com\\\/Cl%C3%A9mentWP2\\\/?s={search_term_string}\"},\"query-input\":{\"@type\":\"PropertyValueSpecification\",\"valueRequired\":true,\"valueName\":\"search_term_string\"}}],\"inLanguage\":\"fr-FR\"}]}<\/script>\n<!-- \/ Yoast SEO plugin. -->","yoast_head_json":{"title":"Blog -","description":"N'h\u00e9sitez pas \u00e0 consulter notre page Blog pour ne louper aucunes des actualit\u00e9s de votre site de voile pr\u00e9f\u00e9r\u00e9 !","robots":{"index":"index","follow":"follow","max-snippet":"max-snippet:-1","max-image-preview":"max-image-preview:large","max-video-preview":"max-video-preview:-1"},"canonical":"https:\/\/www.supaffaires.com\/Cl\u00e9mentWP2\/index.php\/blog\/","og_locale":"fr_FR","og_type":"article","og_title":"Blog -","og_description":"N'h\u00e9sitez pas \u00e0 consulter notre page Blog pour ne louper aucunes des actualit\u00e9s de votre site de voile pr\u00e9f\u00e9r\u00e9 !","og_url":"https:\/\/www.supaffaires.com\/Cl\u00e9mentWP2\/index.php\/blog\/","article_modified_time":"2025-05-21T16:21:18+00:00","twitter_card":"summary_large_image","twitter_misc":{"Dur\u00e9e de lecture estim\u00e9e":"1 minute"},"schema":{"@context":"https:\/\/schema.org","@graph":[{"@type":"WebPage","@id":"https:\/\/www.supaffaires.com\/Cl%C3%A9mentWP2\/index.php\/blog\/","url":"https:\/\/www.supaffaires.com\/Cl%C3%A9mentWP2\/index.php\/blog\/","name":"Blog -","isPartOf":{"@id":"https:\/\/www.supaffaires.com\/Cl%C3%A9mentWP2\/#website"},"datePublished":"2024-11-20T19:19:43+00:00","dateModified":"2025-05-21T16:21:18+00:00","description":"N'h\u00e9sitez pas \u00e0 consulter notre page Blog pour ne louper aucunes des actualit\u00e9s de votre site de voile pr\u00e9f\u00e9r\u00e9 !","breadcrumb":{"@id":"https:\/\/www.supaffaires.com\/Cl%C3%A9mentWP2\/index.php\/blog\/#breadcrumb"},"inLanguage":"fr-FR","potentialAction":[{"@type":"ReadAction","target":["https:\/\/www.supaffaires.com\/Cl%C3%A9mentWP2\/index.php\/blog\/"]}]},{"@type":"BreadcrumbList","@id":"https:\/\/www.supaffaires.com\/Cl%C3%A9mentWP2\/index.php\/blog\/#breadcrumb","itemListElement":[{"@type":"ListItem","position":1,"name":"Accueil","item":"https:\/\/www.supaffaires.com\/Cl%C3%A9mentWP2\/"},{"@type":"ListItem","position":2,"name":"Blog"}]},{"@type":"WebSite","@id":"https:\/\/www.supaffaires.com\/Cl%C3%A9mentWP2\/#website","url":"https:\/\/www.supaffaires.com\/Cl%C3%A9mentWP2\/","name":"","description":"Naviguez l\u00e9ger au fil du vent !","potentialAction":[{"@type":"SearchAction","target":{"@type":"EntryPoint","urlTemplate":"https:\/\/www.supaffaires.com\/Cl%C3%A9mentWP2\/?s={search_term_string}"},"query-input":{"@type":"PropertyValueSpecification","valueRequired":true,"valueName":"search_term_string"}}],"inLanguage":"fr-FR"}]}},"uagb_featured_image_src":{"full":false,"thumbnail":false,"medium":false,"medium_large":false,"large":false,"1536x1536":false,"2048x2048":false},"uagb_author_info":{"display_name":"etudiant","author_link":"https:\/\/www.supaffaires.com\/Cl%C3%A9mentWP2\/index.php\/author\/etudiant\/"},"uagb_comment_info":0,"uagb_excerpt":"Rejoignez notre communaut\u00e9 et profitez de ce blog pour \u00e9changer !","_links":{"self":[{"href":"https:\/\/www.supaffaires.com\/Cl%C3%A9mentWP2\/index.php\/wp-json\/wp\/v2\/pages\/173","targetHints":{"allow":["GET"]}}],"collection":[{"href":"https:\/\/www.supaffaires.com\/Cl%C3%A9mentWP2\/index.php\/wp-json\/wp\/v2\/pages"}],"about":[{"href":"https:\/\/www.supaffaires.com\/Cl%C3%A9mentWP2\/index.php\/wp-json\/wp\/v2\/types\/page"}],"author":[{"embeddable":true,"href":"https:\/\/www.supaffaires.com\/Cl%C3%A9mentWP2\/index.php\/wp-json\/wp\/v2\/users\/1"}],"replies":[{"embeddable":true,"href":"https:\/\/www.supaffaires.com\/Cl%C3%A9mentWP2\/index.php\/wp-json\/wp\/v2\/comments?post=173"}],"version-history":[{"count":1,"href":"https:\/\/www.supaffaires.com\/Cl%C3%A9mentWP2\/index.php\/wp-json\/wp\/v2\/pages\/173\/revisions"}],"predecessor-version":[{"id":174,"href":"https:\/\/www.supaffaires.com\/Cl%C3%A9mentWP2\/index.php\/wp-json\/wp\/v2\/pages\/173\/revisions\/174"}],"wp:attachment":[{"href":"https:\/\/www.supaffaires.com\/Cl%C3%A9mentWP2\/index.php\/wp-json\/wp\/v2\/media?parent=173"}],"curies":[{"name":"wp","href":"https:\/\/api.w.org\/{rel}","templated":true}]}}