{"id":232,"date":"2025-02-27T08:33:42","date_gmt":"2025-02-27T08:33:42","guid":{"rendered":"https:\/\/www.supaffaires.com\/Cl%C3%A9mentWP2\/?page_id=232"},"modified":"2025-02-27T08:35:36","modified_gmt":"2025-02-27T08:35:36","slug":"offre-exclusive-sur-nos-produits-dete","status":"publish","type":"page","link":"https:\/\/www.supaffaires.com\/Cl%C3%A9mentWP2\/index.php\/offre-exclusive-sur-nos-produits-dete\/","title":{"rendered":"Offre exclusive sur nos produits d&rsquo;\u00e9t\u00e9 !"},"content":{"rendered":"\n<figure class=\"wp-block-image aligncenter size-full is-resized\"><img loading=\"lazy\" decoding=\"async\" width=\"512\" height=\"512\" src=\"https:\/\/www.supaffaires.com\/Cl%C3%A9mentWP2\/wp-content\/uploads\/2024\/11\/cropped-cropped-Vent-et-voiles.png\" alt=\"\" class=\"wp-image-150\" style=\"width:214px;height:auto\" srcset=\"https:\/\/www.supaffaires.com\/Cl%C3%A9mentWP2\/wp-content\/uploads\/2024\/11\/cropped-cropped-Vent-et-voiles.png 512w, https:\/\/www.supaffaires.com\/Cl%C3%A9mentWP2\/wp-content\/uploads\/2024\/11\/cropped-cropped-Vent-et-voiles-300x300.png 300w, https:\/\/www.supaffaires.com\/Cl%C3%A9mentWP2\/wp-content\/uploads\/2024\/11\/cropped-cropped-Vent-et-voiles-150x150.png 150w, https:\/\/www.supaffaires.com\/Cl%C3%A9mentWP2\/wp-content\/uploads\/2024\/11\/cropped-cropped-Vent-et-voiles-270x270.png 270w, https:\/\/www.supaffaires.com\/Cl%C3%A9mentWP2\/wp-content\/uploads\/2024\/11\/cropped-cropped-Vent-et-voiles-192x192.png 192w, https:\/\/www.supaffaires.com\/Cl%C3%A9mentWP2\/wp-content\/uploads\/2024\/11\/cropped-cropped-Vent-et-voiles-180x180.png 180w, https:\/\/www.supaffaires.com\/Cl%C3%A9mentWP2\/wp-content\/uploads\/2024\/11\/cropped-cropped-Vent-et-voiles-32x32.png 32w\" sizes=\"auto, (max-width: 512px) 100vw, 512px\" \/><\/figure>\n\n\n\n<p><strong>Profitez des Promotions d&rsquo;\u00c9t\u00e9 avec Vent et Voiles !<\/strong><\/p>\n\n\n\n<p>L\u2019\u00e9t\u00e9 est enfin l\u00e0, et avec lui, l\u2019envie irr\u00e9sistible de voguer sur les flots, de sentir le vent marin et de vivre des aventures nautiques inoubliables. Chez Vent et Voiles, nous avons d\u00e9cid\u00e9 de rendre votre \u00e9t\u00e9 encore plus exceptionnel en vous proposant des promotions exclusives sur notre large gamme d\u2019\u00e9quipements et de services nautiques.<\/p>\n\n\n\n<h2 class=\"wp-block-heading has-ast-global-color-1-color has-text-color has-link-color wp-elements-e688c208632c4cced06dbcffe231fa15\"><strong>Des Offres Irr\u00e9sistibles sur Nos Produits<\/strong><\/h2>\n\n\n\n<p>Pour f\u00eater la saison estivale, nous avons s\u00e9lectionn\u00e9 pour vous des remises exceptionnelles sur de nombreux articles :<\/p>\n\n\n\n<ul class=\"wp-block-list\">\n<li><strong>Voiles et accessoires<\/strong> : Profitez de r\u00e9ductions allant jusqu\u2019\u00e0 <strong>30%<\/strong> sur une s\u00e9lection de voiles performantes et durables.<\/li>\n\n\n\n<li><strong>\u00c9quipements de navigation<\/strong> : GPS, compas, cartes marines\u2026 b\u00e9n\u00e9ficiez de <strong>20%<\/strong> de remise sur nos instruments de navigation pour une exp\u00e9rience en mer en toute s\u00e9curit\u00e9.<\/li>\n\n\n\n<li><strong>V\u00eatements et accessoires marins<\/strong> : Pour \u00eatre parfaitement \u00e9quip\u00e9(e), d\u00e9couvrez nos tenues techniques et d\u00e9contract\u00e9es \u00e0 prix r\u00e9duits.<\/li>\n<\/ul>\n\n\n\n<figure class=\"wp-block-image aligncenter size-full is-resized\"><img loading=\"lazy\" decoding=\"async\" width=\"950\" height=\"680\" src=\"https:\/\/www.supaffaires.com\/Cl%C3%A9mentWP2\/wp-content\/uploads\/2025\/02\/Lentreprise-LEGALLAIS-poursuit-son-engagement-sur-le-circuit-Class40.jpg\" alt=\"\" class=\"wp-image-233\" style=\"width:421px;height:auto\" srcset=\"https:\/\/www.supaffaires.com\/Cl%C3%A9mentWP2\/wp-content\/uploads\/2025\/02\/Lentreprise-LEGALLAIS-poursuit-son-engagement-sur-le-circuit-Class40.jpg 950w, https:\/\/www.supaffaires.com\/Cl%C3%A9mentWP2\/wp-content\/uploads\/2025\/02\/Lentreprise-LEGALLAIS-poursuit-son-engagement-sur-le-circuit-Class40-300x215.jpg 300w, https:\/\/www.supaffaires.com\/Cl%C3%A9mentWP2\/wp-content\/uploads\/2025\/02\/Lentreprise-LEGALLAIS-poursuit-son-engagement-sur-le-circuit-Class40-768x550.jpg 768w\" sizes=\"auto, (max-width: 950px) 100vw, 950px\" \/><\/figure>\n\n\n\n<h2 class=\"wp-block-heading has-ast-global-color-1-color has-text-color has-link-color wp-elements-e33ad39372eaaff62bf500d8abd07840\"><strong>Des Services Nautiques \u00e0 Prix Doux<\/strong><\/h2>\n\n\n\n<p>Laissez-vous tenter par nos services sp\u00e9cialis\u00e9s \u00e0 des tarifs promotionnels :<\/p>\n\n\n\n<ul class=\"wp-block-list\">\n<li><strong>Location de bateaux<\/strong> : Louez un voilier ou un catamaran avec une r\u00e9duction de <strong>15%<\/strong> pour toute r\u00e9servation effectu\u00e9e avant le 15 juillet.<\/li>\n\n\n\n<li><strong>Stages et formations<\/strong> : Apprenez \u00e0 naviguer ou perfectionnez vos comp\u00e9tences avec nos stages \u00e0 prix r\u00e9duit.<\/li>\n\n\n\n<li><strong>Entretien et r\u00e9paration<\/strong> : B\u00e9n\u00e9ficiez d\u2019une expertise professionnelle \u00e0 prix all\u00e9g\u00e9 sur l\u2019entretien de votre embarcation.<\/li>\n<\/ul>\n\n\n\n<h2 class=\"wp-block-heading has-ast-global-color-1-color has-text-color has-link-color wp-elements-c2a22f028d03db2d21fb70ad5012e477\"><strong>Une Offre Limit\u00e9e, Ne Passez Pas \u00e0 C\u00f4t\u00e9 !<\/strong><\/h2>\n\n\n\n<p>Ces offres exceptionnelles sont valables du <strong>1er juin au 31 ao\u00fbt<\/strong>, dans la limite des stocks disponibles. Ne manquez pas cette occasion de vous \u00e9quiper au meilleur prix et de profiter pleinement de votre \u00e9t\u00e9 en mer !<\/p>\n\n\n\n<p><strong>Rendez-vous en magasin ou sur notre site internet pour d\u00e9couvrir toutes nos offres !<\/strong><\/p>\n\n\n\n<p>Bon vent et bel \u00e9t\u00e9 avec Vent et Voiles !<\/p>\n\n\n\n<p><\/p>\n","protected":false},"excerpt":{"rendered":"<p>Profitez des Promotions d&rsquo;\u00c9t\u00e9 avec Vent et Voiles ! L\u2019\u00e9t\u00e9 est enfin l\u00e0, et avec lui, l\u2019envie irr\u00e9sistible de voguer sur les flots, de sentir le vent marin et de vivre des aventures nautiques inoubliables. Chez Vent et Voiles, nous avons d\u00e9cid\u00e9 de rendre votre \u00e9t\u00e9 encore plus exceptionnel en vous proposant des promotions exclusives &hellip;<\/p>\n<p class=\"read-more\"> <a class=\"\" href=\"https:\/\/www.supaffaires.com\/Cl%C3%A9mentWP2\/index.php\/offre-exclusive-sur-nos-produits-dete\/\"> <span class=\"screen-reader-text\">Offre exclusive sur nos produits d&rsquo;\u00e9t\u00e9 !<\/span> Lire la suite\u00a0\u00bb<\/a><\/p>\n","protected":false},"author":1,"featured_media":0,"parent":0,"menu_order":0,"comment_status":"closed","ping_status":"closed","template":"","meta":{"_uag_custom_page_level_css":"","site-sidebar-layout":"default","site-content-layout":"","ast-site-content-layout":"","site-content-style":"default","site-sidebar-style":"default","ast-global-header-display":"","ast-banner-title-visibility":"","ast-main-header-display":"","ast-hfb-above-header-display":"","ast-hfb-below-header-display":"","ast-hfb-mobile-header-display":"","site-post-title":"","ast-breadcrumbs-content":"","ast-featured-img":"","footer-sml-layout":"","theme-transparent-header-meta":"","adv-header-id-meta":"","stick-header-meta":"","header-above-stick-meta":"","header-main-stick-meta":"","header-below-stick-meta":"","astra-migrate-meta-layouts":"","footnotes":""},"class_list":["post-232","page","type-page","status-publish","hentry"],"yoast_head":"<!-- This site is optimized with the Yoast SEO plugin v27.6 - https:\/\/yoast.com\/product\/yoast-seo-wordpress\/ -->\n<title>Offre exclusive sur nos produits d&#039;\u00e9t\u00e9 ! -<\/title>\n<meta name=\"robots\" content=\"index, follow, max-snippet:-1, max-image-preview:large, max-video-preview:-1\" \/>\n<link rel=\"canonical\" href=\"https:\/\/www.supaffaires.com\/Cl\u00e9mentWP2\/index.php\/offre-exclusive-sur-nos-produits-dete\/\" \/>\n<meta property=\"og:locale\" content=\"fr_FR\" \/>\n<meta property=\"og:type\" content=\"article\" \/>\n<meta property=\"og:title\" content=\"Offre exclusive sur nos produits d&#039;\u00e9t\u00e9 ! -\" \/>\n<meta property=\"og:description\" content=\"Profitez des Promotions d&rsquo;\u00c9t\u00e9 avec Vent et Voiles ! L\u2019\u00e9t\u00e9 est enfin l\u00e0, et avec lui, l\u2019envie irr\u00e9sistible de voguer sur les flots, de sentir le vent marin et de vivre des aventures nautiques inoubliables. Chez Vent et Voiles, nous avons d\u00e9cid\u00e9 de rendre votre \u00e9t\u00e9 encore plus exceptionnel en vous proposant des promotions exclusives &hellip; Offre exclusive sur nos produits d&rsquo;\u00e9t\u00e9 ! Lire la suite\u00a0\u00bb\" \/>\n<meta property=\"og:url\" content=\"https:\/\/www.supaffaires.com\/Cl\u00e9mentWP2\/index.php\/offre-exclusive-sur-nos-produits-dete\/\" \/>\n<meta property=\"article:modified_time\" content=\"2025-02-27T08:35:36+00:00\" \/>\n<meta property=\"og:image\" content=\"https:\/\/www.supaffaires.com\/Cl%C3%A9mentWP2\/wp-content\/uploads\/2024\/11\/cropped-cropped-Vent-et-voiles.png\" \/>\n\t<meta property=\"og:image:width\" content=\"512\" \/>\n\t<meta property=\"og:image:height\" content=\"512\" \/>\n\t<meta property=\"og:image:type\" content=\"image\/png\" \/>\n<meta name=\"twitter:card\" content=\"summary_large_image\" \/>\n<meta name=\"twitter:label1\" content=\"Dur\u00e9e de lecture estim\u00e9e\" \/>\n\t<meta name=\"twitter:data1\" content=\"2 minutes\" \/>\n<script type=\"application\/ld+json\" class=\"yoast-schema-graph\">{\"@context\":\"https:\\\/\\\/schema.org\",\"@graph\":[{\"@type\":[\"WebPage\",\"CollectionPage\"],\"@id\":\"https:\\\/\\\/www.supaffaires.com\\\/Cl%C3%A9mentWP2\\\/index.php\\\/offre-exclusive-sur-nos-produits-dete\\\/\",\"url\":\"https:\\\/\\\/www.supaffaires.com\\\/Cl%C3%A9mentWP2\\\/index.php\\\/offre-exclusive-sur-nos-produits-dete\\\/\",\"name\":\"Offre exclusive sur nos produits d'\u00e9t\u00e9 ! -\",\"isPartOf\":{\"@id\":\"https:\\\/\\\/www.supaffaires.com\\\/Cl%C3%A9mentWP2\\\/#website\"},\"primaryImageOfPage\":{\"@id\":\"https:\\\/\\\/www.supaffaires.com\\\/Cl%C3%A9mentWP2\\\/index.php\\\/offre-exclusive-sur-nos-produits-dete\\\/#primaryimage\"},\"image\":{\"@id\":\"https:\\\/\\\/www.supaffaires.com\\\/Cl%C3%A9mentWP2\\\/index.php\\\/offre-exclusive-sur-nos-produits-dete\\\/#primaryimage\"},\"thumbnailUrl\":\"https:\\\/\\\/www.supaffaires.com\\\/Cl%C3%A9mentWP2\\\/wp-content\\\/uploads\\\/2024\\\/11\\\/cropped-cropped-Vent-et-voiles.png\",\"datePublished\":\"2025-02-27T08:33:42+00:00\",\"dateModified\":\"2025-02-27T08:35:36+00:00\",\"breadcrumb\":{\"@id\":\"https:\\\/\\\/www.supaffaires.com\\\/Cl%C3%A9mentWP2\\\/index.php\\\/offre-exclusive-sur-nos-produits-dete\\\/#breadcrumb\"},\"inLanguage\":\"fr-FR\"},{\"@type\":\"ImageObject\",\"inLanguage\":\"fr-FR\",\"@id\":\"https:\\\/\\\/www.supaffaires.com\\\/Cl%C3%A9mentWP2\\\/index.php\\\/offre-exclusive-sur-nos-produits-dete\\\/#primaryimage\",\"url\":\"https:\\\/\\\/www.supaffaires.com\\\/Cl%C3%A9mentWP2\\\/wp-content\\\/uploads\\\/2024\\\/11\\\/cropped-cropped-Vent-et-voiles.png\",\"contentUrl\":\"https:\\\/\\\/www.supaffaires.com\\\/Cl%C3%A9mentWP2\\\/wp-content\\\/uploads\\\/2024\\\/11\\\/cropped-cropped-Vent-et-voiles.png\",\"width\":512,\"height\":512},{\"@type\":\"BreadcrumbList\",\"@id\":\"https:\\\/\\\/www.supaffaires.com\\\/Cl%C3%A9mentWP2\\\/index.php\\\/offre-exclusive-sur-nos-produits-dete\\\/#breadcrumb\",\"itemListElement\":[{\"@type\":\"ListItem\",\"position\":1,\"name\":\"Accueil\",\"item\":\"https:\\\/\\\/www.supaffaires.com\\\/Cl%C3%A9mentWP2\\\/\"},{\"@type\":\"ListItem\",\"position\":2,\"name\":\"Offre exclusive sur nos produits d&#8217;\u00e9t\u00e9 !\"}]},{\"@type\":\"WebSite\",\"@id\":\"https:\\\/\\\/www.supaffaires.com\\\/Cl%C3%A9mentWP2\\\/#website\",\"url\":\"https:\\\/\\\/www.supaffaires.com\\\/Cl%C3%A9mentWP2\\\/\",\"name\":\"\",\"description\":\"Naviguez l\u00e9ger au fil du vent !\",\"potentialAction\":[{\"@type\":\"SearchAction\",\"target\":{\"@type\":\"EntryPoint\",\"urlTemplate\":\"https:\\\/\\\/www.supaffaires.com\\\/Cl%C3%A9mentWP2\\\/?s={search_term_string}\"},\"query-input\":{\"@type\":\"PropertyValueSpecification\",\"valueRequired\":true,\"valueName\":\"search_term_string\"}}],\"inLanguage\":\"fr-FR\"}]}<\/script>\n<!-- \/ Yoast SEO plugin. -->","yoast_head_json":{"title":"Offre exclusive sur nos produits d'\u00e9t\u00e9 ! -","robots":{"index":"index","follow":"follow","max-snippet":"max-snippet:-1","max-image-preview":"max-image-preview:large","max-video-preview":"max-video-preview:-1"},"canonical":"https:\/\/www.supaffaires.com\/Cl\u00e9mentWP2\/index.php\/offre-exclusive-sur-nos-produits-dete\/","og_locale":"fr_FR","og_type":"article","og_title":"Offre exclusive sur nos produits d'\u00e9t\u00e9 ! -","og_description":"Profitez des Promotions d&rsquo;\u00c9t\u00e9 avec Vent et Voiles ! L\u2019\u00e9t\u00e9 est enfin l\u00e0, et avec lui, l\u2019envie irr\u00e9sistible de voguer sur les flots, de sentir le vent marin et de vivre des aventures nautiques inoubliables. Chez Vent et Voiles, nous avons d\u00e9cid\u00e9 de rendre votre \u00e9t\u00e9 encore plus exceptionnel en vous proposant des promotions exclusives &hellip; Offre exclusive sur nos produits d&rsquo;\u00e9t\u00e9 ! Lire la suite\u00a0\u00bb","og_url":"https:\/\/www.supaffaires.com\/Cl\u00e9mentWP2\/index.php\/offre-exclusive-sur-nos-produits-dete\/","article_modified_time":"2025-02-27T08:35:36+00:00","og_image":[{"width":512,"height":512,"url":"https:\/\/www.supaffaires.com\/Cl%C3%A9mentWP2\/wp-content\/uploads\/2024\/11\/cropped-cropped-Vent-et-voiles.png","type":"image\/png"}],"twitter_card":"summary_large_image","twitter_misc":{"Dur\u00e9e de lecture estim\u00e9e":"2 minutes"},"schema":{"@context":"https:\/\/schema.org","@graph":[{"@type":["WebPage","CollectionPage"],"@id":"https:\/\/www.supaffaires.com\/Cl%C3%A9mentWP2\/index.php\/offre-exclusive-sur-nos-produits-dete\/","url":"https:\/\/www.supaffaires.com\/Cl%C3%A9mentWP2\/index.php\/offre-exclusive-sur-nos-produits-dete\/","name":"Offre exclusive sur nos produits d'\u00e9t\u00e9 ! -","isPartOf":{"@id":"https:\/\/www.supaffaires.com\/Cl%C3%A9mentWP2\/#website"},"primaryImageOfPage":{"@id":"https:\/\/www.supaffaires.com\/Cl%C3%A9mentWP2\/index.php\/offre-exclusive-sur-nos-produits-dete\/#primaryimage"},"image":{"@id":"https:\/\/www.supaffaires.com\/Cl%C3%A9mentWP2\/index.php\/offre-exclusive-sur-nos-produits-dete\/#primaryimage"},"thumbnailUrl":"https:\/\/www.supaffaires.com\/Cl%C3%A9mentWP2\/wp-content\/uploads\/2024\/11\/cropped-cropped-Vent-et-voiles.png","datePublished":"2025-02-27T08:33:42+00:00","dateModified":"2025-02-27T08:35:36+00:00","breadcrumb":{"@id":"https:\/\/www.supaffaires.com\/Cl%C3%A9mentWP2\/index.php\/offre-exclusive-sur-nos-produits-dete\/#breadcrumb"},"inLanguage":"fr-FR"},{"@type":"ImageObject","inLanguage":"fr-FR","@id":"https:\/\/www.supaffaires.com\/Cl%C3%A9mentWP2\/index.php\/offre-exclusive-sur-nos-produits-dete\/#primaryimage","url":"https:\/\/www.supaffaires.com\/Cl%C3%A9mentWP2\/wp-content\/uploads\/2024\/11\/cropped-cropped-Vent-et-voiles.png","contentUrl":"https:\/\/www.supaffaires.com\/Cl%C3%A9mentWP2\/wp-content\/uploads\/2024\/11\/cropped-cropped-Vent-et-voiles.png","width":512,"height":512},{"@type":"BreadcrumbList","@id":"https:\/\/www.supaffaires.com\/Cl%C3%A9mentWP2\/index.php\/offre-exclusive-sur-nos-produits-dete\/#breadcrumb","itemListElement":[{"@type":"ListItem","position":1,"name":"Accueil","item":"https:\/\/www.supaffaires.com\/Cl%C3%A9mentWP2\/"},{"@type":"ListItem","position":2,"name":"Offre exclusive sur nos produits d&#8217;\u00e9t\u00e9 !"}]},{"@type":"WebSite","@id":"https:\/\/www.supaffaires.com\/Cl%C3%A9mentWP2\/#website","url":"https:\/\/www.supaffaires.com\/Cl%C3%A9mentWP2\/","name":"","description":"Naviguez l\u00e9ger au fil du vent !","potentialAction":[{"@type":"SearchAction","target":{"@type":"EntryPoint","urlTemplate":"https:\/\/www.supaffaires.com\/Cl%C3%A9mentWP2\/?s={search_term_string}"},"query-input":{"@type":"PropertyValueSpecification","valueRequired":true,"valueName":"search_term_string"}}],"inLanguage":"fr-FR"}]}},"uagb_featured_image_src":{"full":false,"thumbnail":false,"medium":false,"medium_large":false,"large":false,"1536x1536":false,"2048x2048":false},"uagb_author_info":{"display_name":"etudiant","author_link":"https:\/\/www.supaffaires.com\/Cl%C3%A9mentWP2\/index.php\/author\/etudiant\/"},"uagb_comment_info":0,"uagb_excerpt":"Profitez des Promotions d&rsquo;\u00c9t\u00e9 avec Vent et Voiles ! L\u2019\u00e9t\u00e9 est enfin l\u00e0, et avec lui, l\u2019envie irr\u00e9sistible de voguer sur les flots, de sentir le vent marin et de vivre des aventures nautiques inoubliables. Chez Vent et Voiles, nous avons d\u00e9cid\u00e9 de rendre votre \u00e9t\u00e9 encore plus exceptionnel en vous proposant des promotions exclusives\u2026","_links":{"self":[{"href":"https:\/\/www.supaffaires.com\/Cl%C3%A9mentWP2\/index.php\/wp-json\/wp\/v2\/pages\/232","targetHints":{"allow":["GET"]}}],"collection":[{"href":"https:\/\/www.supaffaires.com\/Cl%C3%A9mentWP2\/index.php\/wp-json\/wp\/v2\/pages"}],"about":[{"href":"https:\/\/www.supaffaires.com\/Cl%C3%A9mentWP2\/index.php\/wp-json\/wp\/v2\/types\/page"}],"author":[{"embeddable":true,"href":"https:\/\/www.supaffaires.com\/Cl%C3%A9mentWP2\/index.php\/wp-json\/wp\/v2\/users\/1"}],"replies":[{"embeddable":true,"href":"https:\/\/www.supaffaires.com\/Cl%C3%A9mentWP2\/index.php\/wp-json\/wp\/v2\/comments?post=232"}],"version-history":[{"count":1,"href":"https:\/\/www.supaffaires.com\/Cl%C3%A9mentWP2\/index.php\/wp-json\/wp\/v2\/pages\/232\/revisions"}],"predecessor-version":[{"id":234,"href":"https:\/\/www.supaffaires.com\/Cl%C3%A9mentWP2\/index.php\/wp-json\/wp\/v2\/pages\/232\/revisions\/234"}],"wp:attachment":[{"href":"https:\/\/www.supaffaires.com\/Cl%C3%A9mentWP2\/index.php\/wp-json\/wp\/v2\/media?parent=232"}],"curies":[{"name":"wp","href":"https:\/\/api.w.org\/{rel}","templated":true}]}}