{"id":31,"date":"2023-12-04T10:02:55","date_gmt":"2023-12-04T10:02:55","guid":{"rendered":"https:\/\/www.supaffaires.com\/Cl%C3%A9mentWP2\/?page_id=31"},"modified":"2025-05-20T19:36:46","modified_gmt":"2025-05-20T19:36:46","slug":"contact","status":"publish","type":"page","link":"https:\/\/www.supaffaires.com\/Cl%C3%A9mentWP2\/index.php\/contact\/","title":{"rendered":"Contact"},"content":{"rendered":"\n<p>Pour nous contacter, n&rsquo;h\u00e9sitez  pas \u00e0 nous laisser un message ! Ecrivez-nous \u00e0 &#8230;<\/p>\n\n\n\n<div class=\"wp-block-contact-form-7-contact-form-selector\">\n<div class=\"wpcf7 no-js\" id=\"wpcf7-f30-o1\" lang=\"fr-FR\" dir=\"ltr\">\n<div class=\"screen-reader-response\"><p role=\"status\" aria-live=\"polite\" aria-atomic=\"true\"><\/p> <ul><\/ul><\/div>\n<form action=\"\/Cl%C3%A9mentWP2\/index.php\/wp-json\/wp\/v2\/pages\/31#wpcf7-f30-o1\" method=\"post\" class=\"wpcf7-form init\" aria-label=\"Formulaire de contact\" novalidate=\"novalidate\" data-status=\"init\">\n<div style=\"display: none;\">\n<input type=\"hidden\" name=\"_wpcf7\" value=\"30\" \/>\n<input type=\"hidden\" name=\"_wpcf7_version\" value=\"5.9.3\" \/>\n<input type=\"hidden\" name=\"_wpcf7_locale\" value=\"fr_FR\" \/>\n<input type=\"hidden\" name=\"_wpcf7_unit_tag\" value=\"wpcf7-f30-o1\" \/>\n<input type=\"hidden\" name=\"_wpcf7_container_post\" value=\"0\" \/>\n<input type=\"hidden\" name=\"_wpcf7_posted_data_hash\" value=\"\" \/>\n<\/div>\n<p><label> Votre nom<br \/>\n<span class=\"wpcf7-form-control-wrap\" data-name=\"your-name\"><input size=\"40\" class=\"wpcf7-form-control wpcf7-text wpcf7-validates-as-required\" autocomplete=\"name\" aria-required=\"true\" aria-invalid=\"false\" value=\"\" type=\"text\" name=\"your-name\" \/><\/span> <\/label>\n<\/p>\n<p><label> Votre pr\u00e9nom<br \/>\n<span class=\"wpcf7-form-control-wrap\" data-name=\"your-firstname\"><input size=\"40\" class=\"wpcf7-form-control wpcf7-text wpcf7-validates-as-required\" autocomplete=\"name\" aria-required=\"true\" aria-invalid=\"false\" value=\"\" type=\"text\" name=\"your-firstname\" \/><\/span> <\/label>\n<\/p>\n<p><label> Votre e-mail<br \/>\n<span class=\"wpcf7-form-control-wrap\" data-name=\"your-email\"><input size=\"40\" class=\"wpcf7-form-control wpcf7-email wpcf7-validates-as-required wpcf7-text wpcf7-validates-as-email\" autocomplete=\"email\" aria-required=\"true\" aria-invalid=\"false\" value=\"\" type=\"email\" name=\"your-email\" \/><\/span> <\/label>\n<\/p>\n<p><label> Objet<br \/>\n<span class=\"wpcf7-form-control-wrap\" data-name=\"your-subject\"><input size=\"40\" class=\"wpcf7-form-control wpcf7-text wpcf7-validates-as-required\" aria-required=\"true\" aria-invalid=\"false\" value=\"\" type=\"text\" name=\"your-subject\" \/><\/span> <\/label>\n<\/p>\n<p><label> Votre message (facultatif)<br \/>\n<span class=\"wpcf7-form-control-wrap\" data-name=\"your-message\"><textarea cols=\"40\" rows=\"10\" class=\"wpcf7-form-control wpcf7-textarea\" aria-invalid=\"false\" name=\"your-message\"><\/textarea><\/span> <\/label>\n<\/p>\n<p><label><span class=\"wpcf7-form-control-wrap\" data-name=\"Jailuetacceptelestermesdelapolitiquedeconfidentialit\"><span class=\"wpcf7-form-control wpcf7-checkbox wpcf7-validates-as-required\"><\/span><\/span><\/label>\n<\/p>\n<p><input class=\"wpcf7-form-control wpcf7-submit has-spinner\" type=\"submit\" value=\"Envoyer\" \/>\n<\/p><div class=\"wpcf7-response-output\" aria-hidden=\"true\"><\/div>\n<\/form>\n<\/div>\n<\/div>\n\n\n\n<h4 class=\"wp-block-heading has-ast-global-color-5-color has-ast-global-color-1-background-color has-text-color has-background has-link-color wp-elements-1cb123ffa574ca829439cdcf68e10c29\">Adresse Ecole Sup&rsquo;affaires<\/h4>\n\n\n\n<div><iframe src=\"https:\/\/maps.google.com\/maps?q=parc+de+soye%2C+3+Rue+Galil%C3%A9e%2C+56270+Ploemeur&amp;z=12&amp;t=m&amp;output=embed\" style=\"border:0;height:300px;width:100%\"><\/iframe><\/div>\n\n\n\n<p><\/p>\n\n\n\n<div class=\"wp-block-contact-form-7-contact-form-selector\"><p class=\"wpcf7-contact-form-not-found\"><strong>Erreur\u00a0:<\/strong> Formulaire de contact non trouv\u00e9\u00a0!<\/p><\/div>\n\n\n\n<p><\/p>\n","protected":false},"excerpt":{"rendered":"<p>Pour nous contacter, n&rsquo;h\u00e9sitez pas \u00e0 nous laisser un message ! Ecrivez-nous \u00e0 &#8230; Adresse Ecole Sup&rsquo;affaires<\/p>\n","protected":false},"author":1,"featured_media":0,"parent":0,"menu_order":0,"comment_status":"closed","ping_status":"closed","template":"","meta":{"_uag_custom_page_level_css":"","site-sidebar-layout":"default","site-content-layout":"","ast-site-content-layout":"","site-content-style":"default","site-sidebar-style":"default","ast-global-header-display":"","ast-banner-title-visibility":"","ast-main-header-display":"","ast-hfb-above-header-display":"","ast-hfb-below-header-display":"","ast-hfb-mobile-header-display":"","site-post-title":"","ast-breadcrumbs-content":"","ast-featured-img":"","footer-sml-layout":"","theme-transparent-header-meta":"","adv-header-id-meta":"","stick-header-meta":"","header-above-stick-meta":"","header-main-stick-meta":"","header-below-stick-meta":"","astra-migrate-meta-layouts":"","footnotes":""},"class_list":["post-31","page","type-page","status-publish","hentry"],"yoast_head":"<!-- This site is optimized with the Yoast SEO plugin v27.6 - https:\/\/yoast.com\/product\/yoast-seo-wordpress\/ -->\n<title>Contact -<\/title>\n<meta name=\"robots\" content=\"index, follow, max-snippet:-1, max-image-preview:large, max-video-preview:-1\" \/>\n<link rel=\"canonical\" href=\"https:\/\/www.supaffaires.com\/Cl\u00e9mentWP2\/index.php\/contact\/\" \/>\n<meta property=\"og:locale\" content=\"fr_FR\" \/>\n<meta property=\"og:type\" content=\"article\" \/>\n<meta property=\"og:title\" content=\"Contact -\" \/>\n<meta property=\"og:description\" content=\"Pour nous contacter, n&rsquo;h\u00e9sitez pas \u00e0 nous laisser un message ! Ecrivez-nous \u00e0 &#8230; Adresse Ecole Sup&rsquo;affaires\" \/>\n<meta property=\"og:url\" content=\"https:\/\/www.supaffaires.com\/Cl\u00e9mentWP2\/index.php\/contact\/\" \/>\n<meta property=\"article:modified_time\" content=\"2025-05-20T19:36:46+00:00\" \/>\n<meta name=\"twitter:card\" content=\"summary_large_image\" \/>\n<meta name=\"twitter:label1\" content=\"Dur\u00e9e de lecture estim\u00e9e\" \/>\n\t<meta name=\"twitter:data1\" content=\"1 minute\" \/>\n<script type=\"application\/ld+json\" class=\"yoast-schema-graph\">{\"@context\":\"https:\\\/\\\/schema.org\",\"@graph\":[{\"@type\":\"WebPage\",\"@id\":\"https:\\\/\\\/www.supaffaires.com\\\/Cl%C3%A9mentWP2\\\/index.php\\\/contact\\\/\",\"url\":\"https:\\\/\\\/www.supaffaires.com\\\/Cl%C3%A9mentWP2\\\/index.php\\\/contact\\\/\",\"name\":\"Contact -\",\"isPartOf\":{\"@id\":\"https:\\\/\\\/www.supaffaires.com\\\/Cl%C3%A9mentWP2\\\/#website\"},\"datePublished\":\"2023-12-04T10:02:55+00:00\",\"dateModified\":\"2025-05-20T19:36:46+00:00\",\"breadcrumb\":{\"@id\":\"https:\\\/\\\/www.supaffaires.com\\\/Cl%C3%A9mentWP2\\\/index.php\\\/contact\\\/#breadcrumb\"},\"inLanguage\":\"fr-FR\",\"potentialAction\":[{\"@type\":\"ReadAction\",\"target\":[\"https:\\\/\\\/www.supaffaires.com\\\/Cl%C3%A9mentWP2\\\/index.php\\\/contact\\\/\"]}]},{\"@type\":\"BreadcrumbList\",\"@id\":\"https:\\\/\\\/www.supaffaires.com\\\/Cl%C3%A9mentWP2\\\/index.php\\\/contact\\\/#breadcrumb\",\"itemListElement\":[{\"@type\":\"ListItem\",\"position\":1,\"name\":\"Accueil\",\"item\":\"https:\\\/\\\/www.supaffaires.com\\\/Cl%C3%A9mentWP2\\\/\"},{\"@type\":\"ListItem\",\"position\":2,\"name\":\"Contact\"}]},{\"@type\":\"WebSite\",\"@id\":\"https:\\\/\\\/www.supaffaires.com\\\/Cl%C3%A9mentWP2\\\/#website\",\"url\":\"https:\\\/\\\/www.supaffaires.com\\\/Cl%C3%A9mentWP2\\\/\",\"name\":\"\",\"description\":\"Naviguez l\u00e9ger au fil du vent !\",\"potentialAction\":[{\"@type\":\"SearchAction\",\"target\":{\"@type\":\"EntryPoint\",\"urlTemplate\":\"https:\\\/\\\/www.supaffaires.com\\\/Cl%C3%A9mentWP2\\\/?s={search_term_string}\"},\"query-input\":{\"@type\":\"PropertyValueSpecification\",\"valueRequired\":true,\"valueName\":\"search_term_string\"}}],\"inLanguage\":\"fr-FR\"}]}<\/script>\n<!-- \/ Yoast SEO plugin. -->","yoast_head_json":{"title":"Contact -","robots":{"index":"index","follow":"follow","max-snippet":"max-snippet:-1","max-image-preview":"max-image-preview:large","max-video-preview":"max-video-preview:-1"},"canonical":"https:\/\/www.supaffaires.com\/Cl\u00e9mentWP2\/index.php\/contact\/","og_locale":"fr_FR","og_type":"article","og_title":"Contact -","og_description":"Pour nous contacter, n&rsquo;h\u00e9sitez pas \u00e0 nous laisser un message ! Ecrivez-nous \u00e0 &#8230; Adresse Ecole Sup&rsquo;affaires","og_url":"https:\/\/www.supaffaires.com\/Cl\u00e9mentWP2\/index.php\/contact\/","article_modified_time":"2025-05-20T19:36:46+00:00","twitter_card":"summary_large_image","twitter_misc":{"Dur\u00e9e de lecture estim\u00e9e":"1 minute"},"schema":{"@context":"https:\/\/schema.org","@graph":[{"@type":"WebPage","@id":"https:\/\/www.supaffaires.com\/Cl%C3%A9mentWP2\/index.php\/contact\/","url":"https:\/\/www.supaffaires.com\/Cl%C3%A9mentWP2\/index.php\/contact\/","name":"Contact -","isPartOf":{"@id":"https:\/\/www.supaffaires.com\/Cl%C3%A9mentWP2\/#website"},"datePublished":"2023-12-04T10:02:55+00:00","dateModified":"2025-05-20T19:36:46+00:00","breadcrumb":{"@id":"https:\/\/www.supaffaires.com\/Cl%C3%A9mentWP2\/index.php\/contact\/#breadcrumb"},"inLanguage":"fr-FR","potentialAction":[{"@type":"ReadAction","target":["https:\/\/www.supaffaires.com\/Cl%C3%A9mentWP2\/index.php\/contact\/"]}]},{"@type":"BreadcrumbList","@id":"https:\/\/www.supaffaires.com\/Cl%C3%A9mentWP2\/index.php\/contact\/#breadcrumb","itemListElement":[{"@type":"ListItem","position":1,"name":"Accueil","item":"https:\/\/www.supaffaires.com\/Cl%C3%A9mentWP2\/"},{"@type":"ListItem","position":2,"name":"Contact"}]},{"@type":"WebSite","@id":"https:\/\/www.supaffaires.com\/Cl%C3%A9mentWP2\/#website","url":"https:\/\/www.supaffaires.com\/Cl%C3%A9mentWP2\/","name":"","description":"Naviguez l\u00e9ger au fil du vent !","potentialAction":[{"@type":"SearchAction","target":{"@type":"EntryPoint","urlTemplate":"https:\/\/www.supaffaires.com\/Cl%C3%A9mentWP2\/?s={search_term_string}"},"query-input":{"@type":"PropertyValueSpecification","valueRequired":true,"valueName":"search_term_string"}}],"inLanguage":"fr-FR"}]}},"uagb_featured_image_src":{"full":false,"thumbnail":false,"medium":false,"medium_large":false,"large":false,"1536x1536":false,"2048x2048":false},"uagb_author_info":{"display_name":"etudiant","author_link":"https:\/\/www.supaffaires.com\/Cl%C3%A9mentWP2\/index.php\/author\/etudiant\/"},"uagb_comment_info":0,"uagb_excerpt":"Pour nous contacter, n&rsquo;h\u00e9sitez pas \u00e0 nous laisser un message ! Ecrivez-nous \u00e0 &#8230; Adresse Ecole Sup&rsquo;affaires","_links":{"self":[{"href":"https:\/\/www.supaffaires.com\/Cl%C3%A9mentWP2\/index.php\/wp-json\/wp\/v2\/pages\/31","targetHints":{"allow":["GET"]}}],"collection":[{"href":"https:\/\/www.supaffaires.com\/Cl%C3%A9mentWP2\/index.php\/wp-json\/wp\/v2\/pages"}],"about":[{"href":"https:\/\/www.supaffaires.com\/Cl%C3%A9mentWP2\/index.php\/wp-json\/wp\/v2\/types\/page"}],"author":[{"embeddable":true,"href":"https:\/\/www.supaffaires.com\/Cl%C3%A9mentWP2\/index.php\/wp-json\/wp\/v2\/users\/1"}],"replies":[{"embeddable":true,"href":"https:\/\/www.supaffaires.com\/Cl%C3%A9mentWP2\/index.php\/wp-json\/wp\/v2\/comments?post=31"}],"version-history":[{"count":9,"href":"https:\/\/www.supaffaires.com\/Cl%C3%A9mentWP2\/index.php\/wp-json\/wp\/v2\/pages\/31\/revisions"}],"predecessor-version":[{"id":240,"href":"https:\/\/www.supaffaires.com\/Cl%C3%A9mentWP2\/index.php\/wp-json\/wp\/v2\/pages\/31\/revisions\/240"}],"wp:attachment":[{"href":"https:\/\/www.supaffaires.com\/Cl%C3%A9mentWP2\/index.php\/wp-json\/wp\/v2\/media?parent=31"}],"curies":[{"name":"wp","href":"https:\/\/api.w.org\/{rel}","templated":true}]}}