{"id":98,"date":"2024-03-24T14:54:35","date_gmt":"2024-03-24T14:54:35","guid":{"rendered":"https:\/\/www.supaffaires.com\/Cl%C3%A9mentWP2\/?page_id=98"},"modified":"2024-11-20T20:09:01","modified_gmt":"2024-11-20T20:09:01","slug":"mentions-legales","status":"publish","type":"page","link":"https:\/\/www.supaffaires.com\/Cl%C3%A9mentWP2\/index.php\/mentions-legales\/","title":{"rendered":"Mentions l\u00e9gales"},"content":{"rendered":"\n<p><strong>Mentions L\u00e9gales<\/strong><\/p>\n\n\n\n<p><strong>Nom de l&rsquo;entreprise :<\/strong> Vent &amp; Voiles<\/p>\n\n\n\n<p><strong>Forme juridique :<\/strong> Soci\u00e9t\u00e9 \u00e0 Responsabilit\u00e9 Limit\u00e9e (SARL)<\/p>\n\n\n\n<p><strong>Adresse du si\u00e8ge social :<\/strong> 3 Rue Galil\u00e9e 56270 PLOEMEUR France<\/p>\n\n\n\n<p><strong>T\u00e9l\u00e9phone :<\/strong> +33 (0)2 97 XX XX XX<\/p>\n\n\n\n<p><strong>E-mail :<\/strong> <a>admin@supaffaires.com<\/a><\/p>\n\n\n\n<p><strong>Directeur de la publication :<\/strong> Henri BAUCOU<\/p>\n\n\n\n<p><strong>RCS (Registre du Commerce et des Soci\u00e9t\u00e9s) :<\/strong> Lorient XXXXX<\/p>\n\n\n\n<p><strong>Num\u00e9ro de TVA intracommunautaire :<\/strong> FR XX XXX XXX XXX<\/p>\n\n\n\n<p><strong>Capital social :<\/strong> 5000 euros<\/p>\n\n\n\n<p><strong>H\u00e9bergeur du site :<\/strong> OVH FRANCE &#8211; LILLE<\/p>\n\n\n\n<p><strong>D\u00e9claration CNIL :<\/strong> En cours<\/p>\n\n\n\n<p><strong>Propri\u00e9t\u00e9 intellectuelle :<\/strong> Tous les \u00e9l\u00e9ments constituant le site de Breizh Terroir (textes, images, vid\u00e9os, logos, etc.) sont la propri\u00e9t\u00e9 exclusive de Breizh Terroir ou de ses partenaires. Toute reproduction, repr\u00e9sentation, modification, publication, transmission ou d\u00e9naturation, totale ou partielle, du site ou de son contenu, par quelque proc\u00e9d\u00e9 que ce soit, et sur quelque support que ce soit, est interdite, sauf autorisation expresse et pr\u00e9alable de Breizh Terroir.<\/p>\n\n\n\n<p><strong>Politique de confidentialit\u00e9 :<\/strong> Breizh Terroir s&rsquo;engage \u00e0 respecter la confidentialit\u00e9 des informations personnelles fournies par les utilisateurs de son site internet. Pour plus d&rsquo;informations sur notre politique de confidentialit\u00e9, veuillez consulter notre page d\u00e9di\u00e9e \u00e0 cet effet.<\/p>\n\n\n\n<p><strong>Cookies :<\/strong> Le site de Breizh Terroir utilise des cookies pour am\u00e9liorer l&rsquo;exp\u00e9rience utilisateur. En naviguant sur notre site, vous acceptez l&rsquo;utilisation de ces cookies conform\u00e9ment \u00e0 notre politique en mati\u00e8re de cookies.<\/p>\n\n\n\n<p><strong>Clause de non-responsabilit\u00e9 :<\/strong> Breizh Terroir met tout en \u0153uvre pour assurer l&rsquo;exactitude et la mise \u00e0 jour des informations diffus\u00e9es sur son site, mais ne peut garantir que ces informations soient compl\u00e8tes, pr\u00e9cises et \u00e0 jour. En cons\u00e9quence, l&rsquo;utilisateur reconna\u00eet utiliser ces informations sous sa responsabilit\u00e9 exclusive.<\/p>\n\n\n\n<p><strong>Loi applicable et juridiction comp\u00e9tente :<\/strong> Les pr\u00e9sentes mentions l\u00e9gales sont soumises au droit fran\u00e7ais. En cas de litige, les tribunaux fran\u00e7ais seront seuls comp\u00e9tents.<\/p>\n\n\n\n<p><strong>Contact :<\/strong> Pour toute question ou r\u00e9clamation concernant le site de Breizh Terroir, vous pouvez nous contacter par e-mail \u00e0 l&rsquo;adresse indiqu\u00e9e ci-dessus ou par t\u00e9l\u00e9phone aux coordonn\u00e9es fournies.<\/p>\n","protected":false},"excerpt":{"rendered":"<p>Mentions L\u00e9gales Nom de l&rsquo;entreprise : Vent &amp; Voiles Forme juridique : Soci\u00e9t\u00e9 \u00e0 Responsabilit\u00e9 Limit\u00e9e (SARL) Adresse du si\u00e8ge social : 3 Rue Galil\u00e9e 56270 PLOEMEUR France T\u00e9l\u00e9phone : +33 (0)2 97 XX XX XX E-mail : admin@supaffaires.com Directeur de la publication : Henri BAUCOU RCS (Registre du Commerce et des Soci\u00e9t\u00e9s) : Lorient &hellip;<\/p>\n<p class=\"read-more\"> <a class=\"\" href=\"https:\/\/www.supaffaires.com\/Cl%C3%A9mentWP2\/index.php\/mentions-legales\/\"> <span class=\"screen-reader-text\">Mentions l\u00e9gales<\/span> Lire la suite\u00a0\u00bb<\/a><\/p>\n","protected":false},"author":1,"featured_media":0,"parent":0,"menu_order":0,"comment_status":"closed","ping_status":"closed","template":"","meta":{"_uag_custom_page_level_css":"","site-sidebar-layout":"default","site-content-layout":"","ast-site-content-layout":"","site-content-style":"default","site-sidebar-style":"default","ast-global-header-display":"","ast-banner-title-visibility":"","ast-main-header-display":"","ast-hfb-above-header-display":"","ast-hfb-below-header-display":"","ast-hfb-mobile-header-display":"","site-post-title":"","ast-breadcrumbs-content":"","ast-featured-img":"","footer-sml-layout":"","theme-transparent-header-meta":"","adv-header-id-meta":"","stick-header-meta":"","header-above-stick-meta":"","header-main-stick-meta":"","header-below-stick-meta":"","astra-migrate-meta-layouts":"","footnotes":""},"class_list":["post-98","page","type-page","status-publish","hentry"],"yoast_head":"<!-- This site is optimized with the Yoast SEO plugin v27.6 - https:\/\/yoast.com\/product\/yoast-seo-wordpress\/ -->\n<title>Mentions l\u00e9gales -<\/title>\n<meta name=\"description\" content=\"Mentions l\u00e9gales Breizh Terroir\" \/>\n<meta name=\"robots\" content=\"index, follow, max-snippet:-1, max-image-preview:large, max-video-preview:-1\" \/>\n<link rel=\"canonical\" href=\"https:\/\/www.supaffaires.com\/Cl\u00e9mentWP2\/index.php\/mentions-legales\/\" \/>\n<meta property=\"og:locale\" content=\"fr_FR\" \/>\n<meta property=\"og:type\" content=\"article\" \/>\n<meta property=\"og:title\" content=\"Mentions l\u00e9gales -\" \/>\n<meta property=\"og:description\" content=\"Mentions l\u00e9gales Breizh Terroir\" \/>\n<meta property=\"og:url\" content=\"https:\/\/www.supaffaires.com\/Cl\u00e9mentWP2\/index.php\/mentions-legales\/\" \/>\n<meta property=\"article:modified_time\" content=\"2024-11-20T20:09:01+00:00\" \/>\n<meta name=\"twitter:card\" content=\"summary_large_image\" \/>\n<meta name=\"twitter:label1\" content=\"Dur\u00e9e de lecture estim\u00e9e\" \/>\n\t<meta name=\"twitter:data1\" content=\"2 minutes\" \/>\n<script type=\"application\/ld+json\" class=\"yoast-schema-graph\">{\"@context\":\"https:\\\/\\\/schema.org\",\"@graph\":[{\"@type\":\"WebPage\",\"@id\":\"https:\\\/\\\/www.supaffaires.com\\\/Cl%C3%A9mentWP2\\\/index.php\\\/mentions-legales\\\/\",\"url\":\"https:\\\/\\\/www.supaffaires.com\\\/Cl%C3%A9mentWP2\\\/index.php\\\/mentions-legales\\\/\",\"name\":\"Mentions l\u00e9gales -\",\"isPartOf\":{\"@id\":\"https:\\\/\\\/www.supaffaires.com\\\/Cl%C3%A9mentWP2\\\/#website\"},\"datePublished\":\"2024-03-24T14:54:35+00:00\",\"dateModified\":\"2024-11-20T20:09:01+00:00\",\"description\":\"Mentions l\u00e9gales Breizh Terroir\",\"breadcrumb\":{\"@id\":\"https:\\\/\\\/www.supaffaires.com\\\/Cl%C3%A9mentWP2\\\/index.php\\\/mentions-legales\\\/#breadcrumb\"},\"inLanguage\":\"fr-FR\",\"potentialAction\":[{\"@type\":\"ReadAction\",\"target\":[\"https:\\\/\\\/www.supaffaires.com\\\/Cl%C3%A9mentWP2\\\/index.php\\\/mentions-legales\\\/\"]}]},{\"@type\":\"BreadcrumbList\",\"@id\":\"https:\\\/\\\/www.supaffaires.com\\\/Cl%C3%A9mentWP2\\\/index.php\\\/mentions-legales\\\/#breadcrumb\",\"itemListElement\":[{\"@type\":\"ListItem\",\"position\":1,\"name\":\"Accueil\",\"item\":\"https:\\\/\\\/www.supaffaires.com\\\/Cl%C3%A9mentWP2\\\/\"},{\"@type\":\"ListItem\",\"position\":2,\"name\":\"Mentions l\u00e9gales\"}]},{\"@type\":\"WebSite\",\"@id\":\"https:\\\/\\\/www.supaffaires.com\\\/Cl%C3%A9mentWP2\\\/#website\",\"url\":\"https:\\\/\\\/www.supaffaires.com\\\/Cl%C3%A9mentWP2\\\/\",\"name\":\"\",\"description\":\"Naviguez l\u00e9ger au fil du vent !\",\"potentialAction\":[{\"@type\":\"SearchAction\",\"target\":{\"@type\":\"EntryPoint\",\"urlTemplate\":\"https:\\\/\\\/www.supaffaires.com\\\/Cl%C3%A9mentWP2\\\/?s={search_term_string}\"},\"query-input\":{\"@type\":\"PropertyValueSpecification\",\"valueRequired\":true,\"valueName\":\"search_term_string\"}}],\"inLanguage\":\"fr-FR\"}]}<\/script>\n<!-- \/ Yoast SEO plugin. -->","yoast_head_json":{"title":"Mentions l\u00e9gales -","description":"Mentions l\u00e9gales Breizh Terroir","robots":{"index":"index","follow":"follow","max-snippet":"max-snippet:-1","max-image-preview":"max-image-preview:large","max-video-preview":"max-video-preview:-1"},"canonical":"https:\/\/www.supaffaires.com\/Cl\u00e9mentWP2\/index.php\/mentions-legales\/","og_locale":"fr_FR","og_type":"article","og_title":"Mentions l\u00e9gales -","og_description":"Mentions l\u00e9gales Breizh Terroir","og_url":"https:\/\/www.supaffaires.com\/Cl\u00e9mentWP2\/index.php\/mentions-legales\/","article_modified_time":"2024-11-20T20:09:01+00:00","twitter_card":"summary_large_image","twitter_misc":{"Dur\u00e9e de lecture estim\u00e9e":"2 minutes"},"schema":{"@context":"https:\/\/schema.org","@graph":[{"@type":"WebPage","@id":"https:\/\/www.supaffaires.com\/Cl%C3%A9mentWP2\/index.php\/mentions-legales\/","url":"https:\/\/www.supaffaires.com\/Cl%C3%A9mentWP2\/index.php\/mentions-legales\/","name":"Mentions l\u00e9gales -","isPartOf":{"@id":"https:\/\/www.supaffaires.com\/Cl%C3%A9mentWP2\/#website"},"datePublished":"2024-03-24T14:54:35+00:00","dateModified":"2024-11-20T20:09:01+00:00","description":"Mentions l\u00e9gales Breizh Terroir","breadcrumb":{"@id":"https:\/\/www.supaffaires.com\/Cl%C3%A9mentWP2\/index.php\/mentions-legales\/#breadcrumb"},"inLanguage":"fr-FR","potentialAction":[{"@type":"ReadAction","target":["https:\/\/www.supaffaires.com\/Cl%C3%A9mentWP2\/index.php\/mentions-legales\/"]}]},{"@type":"BreadcrumbList","@id":"https:\/\/www.supaffaires.com\/Cl%C3%A9mentWP2\/index.php\/mentions-legales\/#breadcrumb","itemListElement":[{"@type":"ListItem","position":1,"name":"Accueil","item":"https:\/\/www.supaffaires.com\/Cl%C3%A9mentWP2\/"},{"@type":"ListItem","position":2,"name":"Mentions l\u00e9gales"}]},{"@type":"WebSite","@id":"https:\/\/www.supaffaires.com\/Cl%C3%A9mentWP2\/#website","url":"https:\/\/www.supaffaires.com\/Cl%C3%A9mentWP2\/","name":"","description":"Naviguez l\u00e9ger au fil du vent !","potentialAction":[{"@type":"SearchAction","target":{"@type":"EntryPoint","urlTemplate":"https:\/\/www.supaffaires.com\/Cl%C3%A9mentWP2\/?s={search_term_string}"},"query-input":{"@type":"PropertyValueSpecification","valueRequired":true,"valueName":"search_term_string"}}],"inLanguage":"fr-FR"}]}},"uagb_featured_image_src":{"full":false,"thumbnail":false,"medium":false,"medium_large":false,"large":false,"1536x1536":false,"2048x2048":false},"uagb_author_info":{"display_name":"etudiant","author_link":"https:\/\/www.supaffaires.com\/Cl%C3%A9mentWP2\/index.php\/author\/etudiant\/"},"uagb_comment_info":0,"uagb_excerpt":"Mentions L\u00e9gales Nom de l&rsquo;entreprise : Vent &amp; Voiles Forme juridique : Soci\u00e9t\u00e9 \u00e0 Responsabilit\u00e9 Limit\u00e9e (SARL) Adresse du si\u00e8ge social : 3 Rue Galil\u00e9e 56270 PLOEMEUR France T\u00e9l\u00e9phone : +33 (0)2 97 XX XX XX E-mail : admin@supaffaires.com Directeur de la publication : Henri BAUCOU RCS (Registre du Commerce et des Soci\u00e9t\u00e9s) : Lorient\u2026","_links":{"self":[{"href":"https:\/\/www.supaffaires.com\/Cl%C3%A9mentWP2\/index.php\/wp-json\/wp\/v2\/pages\/98","targetHints":{"allow":["GET"]}}],"collection":[{"href":"https:\/\/www.supaffaires.com\/Cl%C3%A9mentWP2\/index.php\/wp-json\/wp\/v2\/pages"}],"about":[{"href":"https:\/\/www.supaffaires.com\/Cl%C3%A9mentWP2\/index.php\/wp-json\/wp\/v2\/types\/page"}],"author":[{"embeddable":true,"href":"https:\/\/www.supaffaires.com\/Cl%C3%A9mentWP2\/index.php\/wp-json\/wp\/v2\/users\/1"}],"replies":[{"embeddable":true,"href":"https:\/\/www.supaffaires.com\/Cl%C3%A9mentWP2\/index.php\/wp-json\/wp\/v2\/comments?post=98"}],"version-history":[{"count":2,"href":"https:\/\/www.supaffaires.com\/Cl%C3%A9mentWP2\/index.php\/wp-json\/wp\/v2\/pages\/98\/revisions"}],"predecessor-version":[{"id":194,"href":"https:\/\/www.supaffaires.com\/Cl%C3%A9mentWP2\/index.php\/wp-json\/wp\/v2\/pages\/98\/revisions\/194"}],"wp:attachment":[{"href":"https:\/\/www.supaffaires.com\/Cl%C3%A9mentWP2\/index.php\/wp-json\/wp\/v2\/media?parent=98"}],"curies":[{"name":"wp","href":"https:\/\/api.w.org\/{rel}","templated":true}]}}